{"id":1043,"date":"2018-07-30T11:17:03","date_gmt":"2018-07-30T08:17:03","guid":{"rendered":"http:\/\/localhost\/tr\/?page_id=1043"},"modified":"2018-11-16T17:36:30","modified_gmt":"2018-11-16T14:36:30","slug":"tugce-karaderi","status":"publish","type":"page","link":"https:\/\/kisaainisiyatifi.com\/en\/takim\/tugce-karaderi\/","title":{"rendered":"ASST. PROF. DR. TU\u011e\u00c7E KARADER\u0130"},"content":{"rendered":"<p>[vc_row gap=&#8221;10&#8243; equal_height=&#8221;yes&#8221; content_placement=&#8221;middle&#8221; css=&#8221;.vc_custom_1532940438800{padding-top: 50px !important;padding-bottom: 50px !important;}&#8221;][vc_column width=&#8221;1\/3&#8243;][vc_single_image image=&#8221;995&#8243; img_size=&#8221;medium&#8221; alignment=&#8221;center&#8221; style=&#8221;vc_box_circle_2&#8243;][\/vc_column][vc_column width=&#8221;2\/3&#8243;][vc_column_text]Asistan Profes\u00f6r, Biyolojik Bilimler B\u00f6l\u00fcm\u00fc, Do\u011fu Akdeniz \u00dcniversitesi, Kuzey K\u0131br\u0131s.[\/vc_column_text][\/vc_column][\/vc_row]<\/p>\n","protected":false},"excerpt":{"rendered":"<p>[vc_row gap=&#8221;10&#8243; equal_height=&#8221;yes&#8221; content_placement=&#8221;middle&#8221; css=&#8221;.vc_custom_1532940438800{padding-top: 50px !important;padding-bottom: 50px !important;}&#8221;][vc_column width=&#8221;1\/3&#8243;][vc_single_image image=&#8221;995&#8243; img_size=&#8221;medium&#8221; alignment=&#8221;center&#8221; style=&#8221;vc_box_circle_2&#8243;][\/vc_column][vc_column width=&#8221;2\/3&#8243;][vc_column_text]Asistan Profes\u00f6r, Biyolojik Bilimler B\u00f6l\u00fcm\u00fc, Do\u011fu Akdeniz \u00dcniversitesi, Kuzey K\u0131br\u0131s.[\/vc_column_text][\/vc_column][\/vc_row]<\/p>\n","protected":false},"author":1,"featured_media":0,"parent":15,"menu_order":0,"comment_status":"closed","ping_status":"closed","template":"","meta":{"footnotes":""},"class_list":["post-1043","page","type-page","status-publish","hentry"],"translation":{"provider":"WPGlobus","version":"3.0.0","language":"en","enabled_languages":["tr","en"],"languages":{"tr":{"title":true,"content":true,"excerpt":false},"en":{"title":false,"content":false,"excerpt":false}}},"yoast_head":"<!-- This site is optimized with the Yoast SEO plugin v25.6 - https:\/\/yoast.com\/wordpress\/plugins\/seo\/ -->\n<title>Asst. Prof. Dr. Tu\u011f\u00e7e Karaderi &#8211; Cyprus Women&#039;s Health Research Initiative<\/title>\n<meta name=\"robots\" content=\"index, follow, max-snippet:-1, max-image-preview:large, max-video-preview:-1\" \/>\n<link rel=\"canonical\" href=\"https:\/\/kisaainisiyatifi.com\/takim\/tugce-karaderi\/\" \/>\n<meta property=\"og:locale\" content=\"en_US\" \/>\n<meta property=\"og:type\" content=\"article\" \/>\n<meta property=\"og:title\" content=\"ASST. PROF. DR. TU\u011e\u00c7E KARADER\u0130 &#8211; Cyprus Women&#039;s Health Research Initiative\" \/>\n<meta property=\"og:url\" content=\"https:\/\/kisaainisiyatifi.com\/takim\/tugce-karaderi\/\" \/>\n<meta property=\"og:site_name\" content=\"Cyprus Women&#039;s Health Research Initiative\" \/>\n<meta property=\"article:publisher\" content=\"https:\/\/www.facebook.com\/KISAAInisiyatifi\/\" \/>\n<meta property=\"article:modified_time\" content=\"2018-11-16T14:36:30+00:00\" \/>\n<meta name=\"twitter:card\" content=\"summary_large_image\" \/>\n<meta name=\"twitter:site\" content=\"@KISAA_COHERE\" \/>\n<script type=\"application\/ld+json\" class=\"yoast-schema-graph\">{\"@context\":\"https:\/\/schema.org\",\"@graph\":[{\"@type\":\"WebPage\",\"@id\":\"https:\/\/kisaainisiyatifi.com\/takim\/tugce-karaderi\/\",\"url\":\"https:\/\/kisaainisiyatifi.com\/takim\/tugce-karaderi\/\",\"name\":\"Asst. Prof. Dr. Tu\u011f\u00e7e Karaderi &#8211; Cyprus Women&#039;s Health Research Initiative\",\"isPartOf\":{\"@id\":\"https:\/\/kisaainisiyatifi.com\/#website\"},\"datePublished\":\"2018-07-30T08:17:03+00:00\",\"dateModified\":\"2018-11-16T14:36:30+00:00\",\"description\":\"KISAA \u0130nsiyatifi\u2019nin ilk projesinin amac\u0131 Kuzey K\u0131br\u0131s\u2019ta ya\u015fayan kad\u0131nlar\u0131n sa\u011fl\u0131k ve hastal\u0131k da\u011f\u0131l\u0131mlar\u0131n\u0131n ve g\u00f6r\u00fclme s\u0131kl\u0131klar\u0131n\u0131n belirlenmesidir.\",\"breadcrumb\":{\"@id\":\"https:\/\/kisaainisiyatifi.com\/takim\/tugce-karaderi\/#breadcrumb\"},\"inLanguage\":\"en-US\",\"potentialAction\":[{\"@type\":\"ReadAction\",\"target\":[\"https:\/\/kisaainisiyatifi.com\/takim\/tugce-karaderi\/\"]}]},{\"@type\":\"BreadcrumbList\",\"@id\":\"https:\/\/kisaainisiyatifi.com\/takim\/tugce-karaderi\/#breadcrumb\",\"itemListElement\":[{\"@type\":\"ListItem\",\"position\":1,\"name\":\"Ana sayfa\",\"item\":\"https:\/\/kisaainisiyatifi.com\/\"},{\"@type\":\"ListItem\",\"position\":2,\"name\":\"TAKIM\",\"item\":\"https:\/\/kisaainisiyatifi.com\/takim\/\"},{\"@type\":\"ListItem\",\"position\":3,\"name\":\"ASST. PROF. DR. TU\u011e\u00c7E KARADER\u0130\"}]},{\"@type\":\"WebSite\",\"@id\":\"https:\/\/kisaainisiyatifi.com\/#website\",\"url\":\"https:\/\/kisaainisiyatifi.com\/\",\"name\":\"K\u0131br\u0131s Kad\u0131n Sa\u011fl\u0131\u011f\u0131 Ara\u015ft\u0131rma \u0130nsiyatifi\",\"description\":\"\",\"publisher\":{\"@id\":\"https:\/\/kisaainisiyatifi.com\/#organization\"},\"potentialAction\":[{\"@type\":\"SearchAction\",\"target\":{\"@type\":\"EntryPoint\",\"urlTemplate\":\"https:\/\/kisaainisiyatifi.com\/?s={search_term_string}\"},\"query-input\":{\"@type\":\"PropertyValueSpecification\",\"valueRequired\":true,\"valueName\":\"search_term_string\"}}],\"inLanguage\":\"en-US\"},{\"@type\":\"Organization\",\"@id\":\"https:\/\/kisaainisiyatifi.com\/#organization\",\"name\":\"K\u0131br\u0131s Kad\u0131n Sa\u011fl\u0131\u011f\u0131 Ara\u015ft\u0131rma \u0130nsiyatifi\",\"url\":\"https:\/\/kisaainisiyatifi.com\/\",\"logo\":{\"@type\":\"ImageObject\",\"inLanguage\":\"en-US\",\"@id\":\"https:\/\/kisaainisiyatifi.com\/#\/schema\/logo\/image\/\",\"url\":\"https:\/\/kisaainisiyatifi.com\/wp-content\/uploads\/2018\/07\/kisaa-logo-1.png\",\"contentUrl\":\"https:\/\/kisaainisiyatifi.com\/wp-content\/uploads\/2018\/07\/kisaa-logo-1.png\",\"width\":222,\"height\":72,\"caption\":\"K\u0131br\u0131s Kad\u0131n Sa\u011fl\u0131\u011f\u0131 Ara\u015ft\u0131rma \u0130nsiyatifi\"},\"image\":{\"@id\":\"https:\/\/kisaainisiyatifi.com\/#\/schema\/logo\/image\/\"},\"sameAs\":[\"https:\/\/www.facebook.com\/KISAAInisiyatifi\/\",\"https:\/\/x.com\/KISAA_COHERE\",\"https:\/\/www.instagram.com\/cohere_kisaa\/\",\"https:\/\/www.youtube.com\/channel\/UCmU4Gb9ZRj8970Okh1NsVKg\"]}]}<\/script>\n<!-- \/ Yoast SEO plugin. -->","yoast_head_json":{"title":"Asst. Prof. Dr. Tu\u011f\u00e7e Karaderi &#8211; Cyprus Women&#039;s Health Research Initiative","robots":{"index":"index","follow":"follow","max-snippet":"max-snippet:-1","max-image-preview":"max-image-preview:large","max-video-preview":"max-video-preview:-1"},"canonical":"https:\/\/kisaainisiyatifi.com\/takim\/tugce-karaderi\/","og_locale":"en_US","og_type":"article","og_title":"ASST. PROF. DR. TU\u011e\u00c7E KARADER\u0130 &#8211; Cyprus Women&#039;s Health Research Initiative","og_url":"https:\/\/kisaainisiyatifi.com\/takim\/tugce-karaderi\/","og_site_name":"Cyprus Women&#039;s Health Research Initiative","article_publisher":"https:\/\/www.facebook.com\/KISAAInisiyatifi\/","article_modified_time":"2018-11-16T14:36:30+00:00","twitter_card":"summary_large_image","twitter_site":"@KISAA_COHERE","schema":{"@context":"https:\/\/schema.org","@graph":[{"@type":"WebPage","@id":"https:\/\/kisaainisiyatifi.com\/takim\/tugce-karaderi\/","url":"https:\/\/kisaainisiyatifi.com\/takim\/tugce-karaderi\/","name":"Asst. Prof. Dr. Tu\u011f\u00e7e Karaderi &#8211; Cyprus Women&#039;s Health Research Initiative","isPartOf":{"@id":"https:\/\/kisaainisiyatifi.com\/#website"},"datePublished":"2018-07-30T08:17:03+00:00","dateModified":"2018-11-16T14:36:30+00:00","description":"KISAA \u0130nsiyatifi\u2019nin ilk projesinin amac\u0131 Kuzey K\u0131br\u0131s\u2019ta ya\u015fayan kad\u0131nlar\u0131n sa\u011fl\u0131k ve hastal\u0131k da\u011f\u0131l\u0131mlar\u0131n\u0131n ve g\u00f6r\u00fclme s\u0131kl\u0131klar\u0131n\u0131n belirlenmesidir.","breadcrumb":{"@id":"https:\/\/kisaainisiyatifi.com\/takim\/tugce-karaderi\/#breadcrumb"},"inLanguage":"en-US","potentialAction":[{"@type":"ReadAction","target":["https:\/\/kisaainisiyatifi.com\/takim\/tugce-karaderi\/"]}]},{"@type":"BreadcrumbList","@id":"https:\/\/kisaainisiyatifi.com\/takim\/tugce-karaderi\/#breadcrumb","itemListElement":[{"@type":"ListItem","position":1,"name":"Ana sayfa","item":"https:\/\/kisaainisiyatifi.com\/"},{"@type":"ListItem","position":2,"name":"TAKIM","item":"https:\/\/kisaainisiyatifi.com\/takim\/"},{"@type":"ListItem","position":3,"name":"ASST. PROF. DR. TU\u011e\u00c7E KARADER\u0130"}]},{"@type":"WebSite","@id":"https:\/\/kisaainisiyatifi.com\/#website","url":"https:\/\/kisaainisiyatifi.com\/","name":"K\u0131br\u0131s Kad\u0131n Sa\u011fl\u0131\u011f\u0131 Ara\u015ft\u0131rma \u0130nsiyatifi","description":"","publisher":{"@id":"https:\/\/kisaainisiyatifi.com\/#organization"},"potentialAction":[{"@type":"SearchAction","target":{"@type":"EntryPoint","urlTemplate":"https:\/\/kisaainisiyatifi.com\/?s={search_term_string}"},"query-input":{"@type":"PropertyValueSpecification","valueRequired":true,"valueName":"search_term_string"}}],"inLanguage":"en-US"},{"@type":"Organization","@id":"https:\/\/kisaainisiyatifi.com\/#organization","name":"K\u0131br\u0131s Kad\u0131n Sa\u011fl\u0131\u011f\u0131 Ara\u015ft\u0131rma \u0130nsiyatifi","url":"https:\/\/kisaainisiyatifi.com\/","logo":{"@type":"ImageObject","inLanguage":"en-US","@id":"https:\/\/kisaainisiyatifi.com\/#\/schema\/logo\/image\/","url":"https:\/\/kisaainisiyatifi.com\/wp-content\/uploads\/2018\/07\/kisaa-logo-1.png","contentUrl":"https:\/\/kisaainisiyatifi.com\/wp-content\/uploads\/2018\/07\/kisaa-logo-1.png","width":222,"height":72,"caption":"K\u0131br\u0131s Kad\u0131n Sa\u011fl\u0131\u011f\u0131 Ara\u015ft\u0131rma \u0130nsiyatifi"},"image":{"@id":"https:\/\/kisaainisiyatifi.com\/#\/schema\/logo\/image\/"},"sameAs":["https:\/\/www.facebook.com\/KISAAInisiyatifi\/","https:\/\/x.com\/KISAA_COHERE","https:\/\/www.instagram.com\/cohere_kisaa\/","https:\/\/www.youtube.com\/channel\/UCmU4Gb9ZRj8970Okh1NsVKg"]}]}},"_links":{"self":[{"href":"https:\/\/kisaainisiyatifi.com\/en\/wp-json\/wp\/v2\/pages\/1043","targetHints":{"allow":["GET"]}}],"collection":[{"href":"https:\/\/kisaainisiyatifi.com\/en\/wp-json\/wp\/v2\/pages"}],"about":[{"href":"https:\/\/kisaainisiyatifi.com\/en\/wp-json\/wp\/v2\/types\/page"}],"author":[{"embeddable":true,"href":"https:\/\/kisaainisiyatifi.com\/en\/wp-json\/wp\/v2\/users\/1"}],"replies":[{"embeddable":true,"href":"https:\/\/kisaainisiyatifi.com\/en\/wp-json\/wp\/v2\/comments?post=1043"}],"version-history":[{"count":3,"href":"https:\/\/kisaainisiyatifi.com\/en\/wp-json\/wp\/v2\/pages\/1043\/revisions"}],"predecessor-version":[{"id":1055,"href":"https:\/\/kisaainisiyatifi.com\/en\/wp-json\/wp\/v2\/pages\/1043\/revisions\/1055"}],"up":[{"embeddable":true,"href":"https:\/\/kisaainisiyatifi.com\/en\/wp-json\/wp\/v2\/pages\/15"}],"wp:attachment":[{"href":"https:\/\/kisaainisiyatifi.com\/en\/wp-json\/wp\/v2\/media?parent=1043"}],"curies":[{"name":"wp","href":"https:\/\/api.w.org\/{rel}","templated":true}]}}