{"id":1067,"date":"2018-07-30T12:01:12","date_gmt":"2018-07-30T09:01:12","guid":{"rendered":"http:\/\/localhost\/tr\/?page_id=1067"},"modified":"2018-11-16T17:37:58","modified_gmt":"2018-11-16T14:37:58","slug":"burc-barin","status":"publish","type":"page","link":"https:\/\/kisaainisiyatifi.com\/en\/takim\/burc-barin\/","title":{"rendered":"BUR\u00c7 BARIN"},"content":{"rendered":"<p>[vc_row gap=&#8221;10&#8243; equal_height=&#8221;yes&#8221; content_placement=&#8221;middle&#8221; css=&#8221;.vc_custom_1532940453210{padding-top: 50px !important;padding-bottom: 50px !important;}&#8221;][vc_column width=&#8221;1\/3&#8243;][vc_single_image image=&#8221;1012&#8243; img_size=&#8221;medium&#8221; alignment=&#8221;center&#8221; style=&#8221;vc_box_circle_2&#8243;][\/vc_column][vc_column width=&#8221;2\/3&#8243;][vc_column_text]<\/p>\n<p class=\"vc_custom_heading\">Bur\u00e7 Bar\u0131n, Minnesota \u00dcniversitesi&#8217;nden Matematik (2003) ve Biyoistatistik (2004) Y\u00fcksek Lisans Derecelerini ald\u0131 ve 2004&#8217;ten beri Emmes Corporation&#8217;da (Rockville, Maryland) biyoistatistik\u00e7i, k\u0131demli biyoistatistik\u00e7i ve proje lideri olarak \u00e7al\u0131\u015fmaktad\u0131r. Bar\u0131n, \u00e7e\u015fitli nakil, a\u015f\u0131, bula\u015f\u0131c\u0131 hastal\u0131k ve HIV \u00e7al\u0131\u015fmalar\u0131n\u0131n istatistiksel tasar\u0131m, proje y\u00fcr\u00fctme ve analizlerinde rol alm\u0131\u015ft\u0131r. HIV pozitif hastalarda Karaci\u011fer\/B\u00f6brek Nakli \u00fczerine olan ABD&#8217;deki ilk g\u00f6zlemsel \u00e7al\u0131\u015fman\u0131n y\u00fcr\u00fct\u00fclmesinde ve analizinde \u00f6nemli bir rol oynam\u0131\u015f, ve su an halen devam eden CCR5 blokaj\u0131n\u0131n ayn\u0131 pop\u00fclasyonundaki etkisini de\u011ferlendiren klinik ara\u015ft\u0131rmas\u0131nda Emmes\u2019in Ba\u015f Ara\u015ft\u0131rmac\u0131s\u0131 g\u00f6revini y\u00fcr\u00fctmektedir. Ba\u015fl\u0131ca New England Journal of Medicine\u2019da yay\u0131nlanan HIV hastalar\u0131nda b\u00f6brek transplantasyonu yay\u0131n\u0131 olmak \u00fczere, \u00e7e\u015fitli bilimsel makalelerde yer alm\u0131\u015ft\u0131r.<\/p>\n<p class=\"vc_custom_heading\">Bar\u0131n, Uluslararas\u0131 AIDS A\u015f\u0131 \u0130nisiyatifi taraf\u0131ndan desteklenen Faz I \/ II \/ III HIV a\u015f\u0131 \u00e7al\u0131\u015fmalar\u0131nda yer alm\u0131\u015f ve Banglade\u015f\u2019teki k\u00fc\u00e7\u00fck \u00e7ocuklarda Faz III LAIV grip a\u015f\u0131 \u00e7al\u0131\u015fmas\u0131n\u0131n analizinde \u00f6nemli bir rol oynam\u0131\u015ft\u0131r. Bar\u0131n, kurumsal kalite denetleme komitesinde istatistiksel temsilci olarak g\u00f6rev yapm\u0131\u015f, George Washington \u00dcniversitesi&#8217;nde epidemiyoloji ve halk sa\u011fl\u0131\u011f\u0131 alan\u0131nda e\u011fitim g\u00f6rm\u00fc\u015f ve bir\u00e7ok Uluslararas\u0131 Biyometrik Derne\u011fi (IBS) ve Klinik Ara\u015ft\u0131rmalar\u0131 Derne\u011fi (SCT) toplant\u0131lar\u0131na kat\u0131lm\u0131\u015ft\u0131r.<\/p>\n<p>[\/vc_column_text][\/vc_column][\/vc_row]<\/p>\n","protected":false},"excerpt":{"rendered":"<p>[vc_row gap=&#8221;10&#8243; equal_height=&#8221;yes&#8221; content_placement=&#8221;middle&#8221; css=&#8221;.vc_custom_1532940453210{padding-top: 50px !important;padding-bottom: 50px !important;}&#8221;][vc_column width=&#8221;1\/3&#8243;][vc_single_image image=&#8221;1012&#8243; img_size=&#8221;medium&#8221; alignment=&#8221;center&#8221; style=&#8221;vc_box_circle_2&#8243;][\/vc_column][vc_column width=&#8221;2\/3&#8243;][vc_column_text] Bur\u00e7 Bar\u0131n, Minnesota \u00dcniversitesi&#8217;nden Matematik (2003) ve Biyoistatistik (2004) Y\u00fcksek Lisans Derecelerini ald\u0131 ve 2004&#8217;ten beri Emmes Corporation&#8217;da (Rockville, Maryland) biyoistatistik\u00e7i, k\u0131demli biyoistatistik\u00e7i ve proje lideri olarak \u00e7al\u0131\u015fmaktad\u0131r. Bar\u0131n, \u00e7e\u015fitli nakil, a\u015f\u0131, bula\u015f\u0131c\u0131 hastal\u0131k ve HIV \u00e7al\u0131\u015fmalar\u0131n\u0131n istatistiksel tasar\u0131m, proje y\u00fcr\u00fctme ve analizlerinde rol alm\u0131\u015ft\u0131r.&hellip;<\/p>\n","protected":false},"author":1,"featured_media":0,"parent":15,"menu_order":0,"comment_status":"closed","ping_status":"closed","template":"","meta":{"footnotes":""},"class_list":["post-1067","page","type-page","status-publish","hentry"],"translation":{"provider":"WPGlobus","version":"3.0.0","language":"en","enabled_languages":["tr","en"],"languages":{"tr":{"title":true,"content":true,"excerpt":false},"en":{"title":false,"content":false,"excerpt":false}}},"yoast_head":"<!-- This site is optimized with the Yoast SEO plugin v25.6 - https:\/\/yoast.com\/wordpress\/plugins\/seo\/ -->\n<title>Bur\u00e7 Bar\u0131n &#8211; Cyprus Women&#039;s Health Research Initiative<\/title>\n<meta name=\"robots\" content=\"index, follow, max-snippet:-1, max-image-preview:large, max-video-preview:-1\" \/>\n<link rel=\"canonical\" href=\"https:\/\/kisaainisiyatifi.com\/takim\/burc-barin\/\" \/>\n<meta property=\"og:locale\" content=\"en_US\" \/>\n<meta property=\"og:type\" content=\"article\" \/>\n<meta property=\"og:title\" content=\"BUR\u00c7 BARIN &#8211; Cyprus Women&#039;s Health Research Initiative\" \/>\n<meta property=\"og:url\" content=\"https:\/\/kisaainisiyatifi.com\/takim\/burc-barin\/\" \/>\n<meta property=\"og:site_name\" content=\"Cyprus Women&#039;s Health Research Initiative\" \/>\n<meta property=\"article:publisher\" content=\"https:\/\/www.facebook.com\/KISAAInisiyatifi\/\" \/>\n<meta property=\"article:modified_time\" content=\"2018-11-16T14:37:58+00:00\" \/>\n<meta name=\"twitter:card\" content=\"summary_large_image\" \/>\n<meta name=\"twitter:site\" content=\"@KISAA_COHERE\" \/>\n<meta name=\"twitter:label1\" content=\"Est. reading time\" \/>\n\t<meta name=\"twitter:data1\" content=\"1 minute\" \/>\n<script type=\"application\/ld+json\" class=\"yoast-schema-graph\">{\"@context\":\"https:\/\/schema.org\",\"@graph\":[{\"@type\":\"WebPage\",\"@id\":\"https:\/\/kisaainisiyatifi.com\/takim\/burc-barin\/\",\"url\":\"https:\/\/kisaainisiyatifi.com\/takim\/burc-barin\/\",\"name\":\"Bur\u00e7 Bar\u0131n &#8211; Cyprus Women&#039;s Health Research Initiative\",\"isPartOf\":{\"@id\":\"https:\/\/kisaainisiyatifi.com\/#website\"},\"datePublished\":\"2018-07-30T09:01:12+00:00\",\"dateModified\":\"2018-11-16T14:37:58+00:00\",\"description\":\"KISAA \u0130nsiyatifi\u2019nin ilk projesinin amac\u0131 Kuzey K\u0131br\u0131s\u2019ta ya\u015fayan kad\u0131nlar\u0131n sa\u011fl\u0131k ve hastal\u0131k da\u011f\u0131l\u0131mlar\u0131n\u0131n ve g\u00f6r\u00fclme s\u0131kl\u0131klar\u0131n\u0131n belirlenmesidir.\",\"breadcrumb\":{\"@id\":\"https:\/\/kisaainisiyatifi.com\/takim\/burc-barin\/#breadcrumb\"},\"inLanguage\":\"en-US\",\"potentialAction\":[{\"@type\":\"ReadAction\",\"target\":[\"https:\/\/kisaainisiyatifi.com\/takim\/burc-barin\/\"]}]},{\"@type\":\"BreadcrumbList\",\"@id\":\"https:\/\/kisaainisiyatifi.com\/takim\/burc-barin\/#breadcrumb\",\"itemListElement\":[{\"@type\":\"ListItem\",\"position\":1,\"name\":\"Ana sayfa\",\"item\":\"https:\/\/kisaainisiyatifi.com\/\"},{\"@type\":\"ListItem\",\"position\":2,\"name\":\"TAKIM\",\"item\":\"https:\/\/kisaainisiyatifi.com\/takim\/\"},{\"@type\":\"ListItem\",\"position\":3,\"name\":\"BUR\u00c7 BARIN\"}]},{\"@type\":\"WebSite\",\"@id\":\"https:\/\/kisaainisiyatifi.com\/#website\",\"url\":\"https:\/\/kisaainisiyatifi.com\/\",\"name\":\"K\u0131br\u0131s Kad\u0131n Sa\u011fl\u0131\u011f\u0131 Ara\u015ft\u0131rma \u0130nsiyatifi\",\"description\":\"\",\"publisher\":{\"@id\":\"https:\/\/kisaainisiyatifi.com\/#organization\"},\"potentialAction\":[{\"@type\":\"SearchAction\",\"target\":{\"@type\":\"EntryPoint\",\"urlTemplate\":\"https:\/\/kisaainisiyatifi.com\/?s={search_term_string}\"},\"query-input\":{\"@type\":\"PropertyValueSpecification\",\"valueRequired\":true,\"valueName\":\"search_term_string\"}}],\"inLanguage\":\"en-US\"},{\"@type\":\"Organization\",\"@id\":\"https:\/\/kisaainisiyatifi.com\/#organization\",\"name\":\"K\u0131br\u0131s Kad\u0131n Sa\u011fl\u0131\u011f\u0131 Ara\u015ft\u0131rma \u0130nsiyatifi\",\"url\":\"https:\/\/kisaainisiyatifi.com\/\",\"logo\":{\"@type\":\"ImageObject\",\"inLanguage\":\"en-US\",\"@id\":\"https:\/\/kisaainisiyatifi.com\/#\/schema\/logo\/image\/\",\"url\":\"https:\/\/kisaainisiyatifi.com\/wp-content\/uploads\/2018\/07\/kisaa-logo-1.png\",\"contentUrl\":\"https:\/\/kisaainisiyatifi.com\/wp-content\/uploads\/2018\/07\/kisaa-logo-1.png\",\"width\":222,\"height\":72,\"caption\":\"K\u0131br\u0131s Kad\u0131n Sa\u011fl\u0131\u011f\u0131 Ara\u015ft\u0131rma \u0130nsiyatifi\"},\"image\":{\"@id\":\"https:\/\/kisaainisiyatifi.com\/#\/schema\/logo\/image\/\"},\"sameAs\":[\"https:\/\/www.facebook.com\/KISAAInisiyatifi\/\",\"https:\/\/x.com\/KISAA_COHERE\",\"https:\/\/www.instagram.com\/cohere_kisaa\/\",\"https:\/\/www.youtube.com\/channel\/UCmU4Gb9ZRj8970Okh1NsVKg\"]}]}<\/script>\n<!-- \/ Yoast SEO plugin. -->","yoast_head_json":{"title":"Bur\u00e7 Bar\u0131n &#8211; Cyprus Women&#039;s Health Research Initiative","robots":{"index":"index","follow":"follow","max-snippet":"max-snippet:-1","max-image-preview":"max-image-preview:large","max-video-preview":"max-video-preview:-1"},"canonical":"https:\/\/kisaainisiyatifi.com\/takim\/burc-barin\/","og_locale":"en_US","og_type":"article","og_title":"BUR\u00c7 BARIN &#8211; Cyprus Women&#039;s Health Research Initiative","og_url":"https:\/\/kisaainisiyatifi.com\/takim\/burc-barin\/","og_site_name":"Cyprus Women&#039;s Health Research Initiative","article_publisher":"https:\/\/www.facebook.com\/KISAAInisiyatifi\/","article_modified_time":"2018-11-16T14:37:58+00:00","twitter_card":"summary_large_image","twitter_site":"@KISAA_COHERE","twitter_misc":{"Est. reading time":"1 minute"},"schema":{"@context":"https:\/\/schema.org","@graph":[{"@type":"WebPage","@id":"https:\/\/kisaainisiyatifi.com\/takim\/burc-barin\/","url":"https:\/\/kisaainisiyatifi.com\/takim\/burc-barin\/","name":"Bur\u00e7 Bar\u0131n &#8211; Cyprus Women&#039;s Health Research Initiative","isPartOf":{"@id":"https:\/\/kisaainisiyatifi.com\/#website"},"datePublished":"2018-07-30T09:01:12+00:00","dateModified":"2018-11-16T14:37:58+00:00","description":"KISAA \u0130nsiyatifi\u2019nin ilk projesinin amac\u0131 Kuzey K\u0131br\u0131s\u2019ta ya\u015fayan kad\u0131nlar\u0131n sa\u011fl\u0131k ve hastal\u0131k da\u011f\u0131l\u0131mlar\u0131n\u0131n ve g\u00f6r\u00fclme s\u0131kl\u0131klar\u0131n\u0131n belirlenmesidir.","breadcrumb":{"@id":"https:\/\/kisaainisiyatifi.com\/takim\/burc-barin\/#breadcrumb"},"inLanguage":"en-US","potentialAction":[{"@type":"ReadAction","target":["https:\/\/kisaainisiyatifi.com\/takim\/burc-barin\/"]}]},{"@type":"BreadcrumbList","@id":"https:\/\/kisaainisiyatifi.com\/takim\/burc-barin\/#breadcrumb","itemListElement":[{"@type":"ListItem","position":1,"name":"Ana sayfa","item":"https:\/\/kisaainisiyatifi.com\/"},{"@type":"ListItem","position":2,"name":"TAKIM","item":"https:\/\/kisaainisiyatifi.com\/takim\/"},{"@type":"ListItem","position":3,"name":"BUR\u00c7 BARIN"}]},{"@type":"WebSite","@id":"https:\/\/kisaainisiyatifi.com\/#website","url":"https:\/\/kisaainisiyatifi.com\/","name":"K\u0131br\u0131s Kad\u0131n Sa\u011fl\u0131\u011f\u0131 Ara\u015ft\u0131rma \u0130nsiyatifi","description":"","publisher":{"@id":"https:\/\/kisaainisiyatifi.com\/#organization"},"potentialAction":[{"@type":"SearchAction","target":{"@type":"EntryPoint","urlTemplate":"https:\/\/kisaainisiyatifi.com\/?s={search_term_string}"},"query-input":{"@type":"PropertyValueSpecification","valueRequired":true,"valueName":"search_term_string"}}],"inLanguage":"en-US"},{"@type":"Organization","@id":"https:\/\/kisaainisiyatifi.com\/#organization","name":"K\u0131br\u0131s Kad\u0131n Sa\u011fl\u0131\u011f\u0131 Ara\u015ft\u0131rma \u0130nsiyatifi","url":"https:\/\/kisaainisiyatifi.com\/","logo":{"@type":"ImageObject","inLanguage":"en-US","@id":"https:\/\/kisaainisiyatifi.com\/#\/schema\/logo\/image\/","url":"https:\/\/kisaainisiyatifi.com\/wp-content\/uploads\/2018\/07\/kisaa-logo-1.png","contentUrl":"https:\/\/kisaainisiyatifi.com\/wp-content\/uploads\/2018\/07\/kisaa-logo-1.png","width":222,"height":72,"caption":"K\u0131br\u0131s Kad\u0131n Sa\u011fl\u0131\u011f\u0131 Ara\u015ft\u0131rma \u0130nsiyatifi"},"image":{"@id":"https:\/\/kisaainisiyatifi.com\/#\/schema\/logo\/image\/"},"sameAs":["https:\/\/www.facebook.com\/KISAAInisiyatifi\/","https:\/\/x.com\/KISAA_COHERE","https:\/\/www.instagram.com\/cohere_kisaa\/","https:\/\/www.youtube.com\/channel\/UCmU4Gb9ZRj8970Okh1NsVKg"]}]}},"_links":{"self":[{"href":"https:\/\/kisaainisiyatifi.com\/en\/wp-json\/wp\/v2\/pages\/1067","targetHints":{"allow":["GET"]}}],"collection":[{"href":"https:\/\/kisaainisiyatifi.com\/en\/wp-json\/wp\/v2\/pages"}],"about":[{"href":"https:\/\/kisaainisiyatifi.com\/en\/wp-json\/wp\/v2\/types\/page"}],"author":[{"embeddable":true,"href":"https:\/\/kisaainisiyatifi.com\/en\/wp-json\/wp\/v2\/users\/1"}],"replies":[{"embeddable":true,"href":"https:\/\/kisaainisiyatifi.com\/en\/wp-json\/wp\/v2\/comments?post=1067"}],"version-history":[{"count":5,"href":"https:\/\/kisaainisiyatifi.com\/en\/wp-json\/wp\/v2\/pages\/1067\/revisions"}],"predecessor-version":[{"id":7682,"href":"https:\/\/kisaainisiyatifi.com\/en\/wp-json\/wp\/v2\/pages\/1067\/revisions\/7682"}],"up":[{"embeddable":true,"href":"https:\/\/kisaainisiyatifi.com\/en\/wp-json\/wp\/v2\/pages\/15"}],"wp:attachment":[{"href":"https:\/\/kisaainisiyatifi.com\/en\/wp-json\/wp\/v2\/media?parent=1067"}],"curies":[{"name":"wp","href":"https:\/\/api.w.org\/{rel}","templated":true}]}}