{"id":1099,"date":"2018-07-30T13:54:15","date_gmt":"2018-07-30T10:54:15","guid":{"rendered":"http:\/\/localhost\/tr\/?page_id=1099"},"modified":"2018-12-17T17:57:51","modified_gmt":"2018-12-17T14:57:51","slug":"bagis-yap","status":"publish","type":"page","link":"https:\/\/kisaainisiyatifi.com\/en\/bagis-yap\/","title":{"rendered":"Donate"},"content":{"rendered":"<p>[vc_row][vc_column]<div id=\"sc_content_1476048311\"\n\t\tclass=\"scheme_light sc_content sc_content_default\n\t\t\t sc_no_subtitle\t\t\t\t\t\t\t\t\t\t\t\t\t\t\t\t\t\t\"\n\t\t><h2 class=\"sc_item_title sc_content_title\">DONATE<\/h2><div class=\"sc_content_container\">[vc_empty_space alter_height=&#8221;medium&#8221; hide_on_mobile=&#8221;&#8221;][vc_column_text]<\/p>\n<p style=\"text-align: center;\">We would greatly appreciate your donations and sponsorship for this cause to better understand women\u2019s health problems and support evidence-based women\u2019s health in the Eastern Mediterranean region. Many thanks for your contributions.<\/p>\n<p>[\/vc_column_text]<\/div><\/div><!-- \/.sc_content -->[\/vc_column][\/vc_row][vc_row css=&#8221;.vc_custom_1532947729294{padding-bottom: 50px !important;}&#8221;][vc_column][vc_empty_space alter_height=&#8221;medium&#8221; hide_on_mobile=&#8221;&#8221;][vc_tta_accordion c_align=&#8221;center&#8221; active_section=&#8221;&#8221; collapsible_all=&#8221;true&#8221;][vc_tta_section title=&#8221;Online Donate With Credit Card&#8221; tab_id=&#8221;1532947260096-9907d676-92a7&#8243;][vc_column_text]<\/p>\n<p style=\"text-align: center;\">You can make an online donations (via credit card) using the Virgin Money-Giving page for COHERE Initiative. All donations without any cuts are transferred to the COHERE Initiative Fund at University of Oxford.<\/p>\n<p>[\/vc_column_text][vc_empty_space alter_height=&#8221;medium&#8221; hide_on_mobile=&#8221;&#8221;]<div class=\"sc_item_button sc_button_wrap sc_align_center\"><a href=\"https:\/\/uk.virginmoneygiving.com\/fundraiser-display\/showROFundraiserActivities?userUrl=NiluferRahmioglu\"\n\t \n\tclass=\"sc_button sc_button_default sc_button_size_normal sc_button_icon_left\"\n\t\t><span class=\"sc_button_text sc_align_center\"><span class=\"sc_button_title\">DONATE<\/span><\/span><!-- \/.sc_button_text --><\/a><!-- \/.sc_button --><\/div><!-- \/.sc_item_button -->[\/vc_tta_section][vc_tta_section title=&#8221;Other Donation Methods&#8221; tab_id=&#8221;1532947260126-da7050a8-0b1d&#8221;][vc_column_text]<\/p>\n<p style=\"text-align: center;\">You can contact with us for other donation methods.<\/p>\n<p>[\/vc_column_text][vc_empty_space alter_height=&#8221;medium&#8221; hide_on_mobile=&#8221;&#8221;]<div class=\"sc_item_button sc_button_wrap sc_align_center\"><a href=\"http:\/\/kisaainsiyatifi.com\/iletisim\/\"\n\t \n\tclass=\"sc_button sc_button_default sc_button_size_normal sc_button_icon_left\"\n\t\t><span class=\"sc_button_text sc_align_center\"><span class=\"sc_button_title\">CONTACT US<\/span><\/span><!-- \/.sc_button_text --><\/a><!-- \/.sc_button --><\/div><!-- \/.sc_item_button -->[\/vc_tta_section][\/vc_tta_accordion][\/vc_column][\/vc_row][vc_row][vc_column]<div id=\"sc_content_491273966\"\n\t\tclass=\"scheme_light sc_content sc_content_default\n\t\t\t sc_no_subtitle\t\t\t\t\t\t\t\t\t\t\t\t\t\t\t\t\t\t\"\n\t\t><h2 class=\"sc_item_title sc_content_title\">OUR PRODUCTS<\/h2><div class=\"sc_content_container\">[vc_empty_space alter_height=&#8221;medium&#8221; hide_on_mobile=&#8221;&#8221;][vc_column_text]<\/p>\n<p style=\"text-align: center;\">Here are products from the Cyprus Women\u2019s Health Research Society (CoHERS) that you can purchase for the benefit of the COHERE Initiative Project. Please get in touch with us if you are interested in purchasing any of the products.<\/p>\n<p>[\/vc_column_text]<\/div><\/div><!-- \/.sc_content -->[vc_empty_space alter_height=&#8221;medium&#8221; hide_on_mobile=&#8221;&#8221;][\/vc_column][\/vc_row][vc_row][vc_column width=&#8221;1\/4&#8243;][vc_single_image image=&#8221;7645&#8243; img_size=&#8221;medium&#8221; alignment=&#8221;center&#8221; onclick=&#8221;img_link_large&#8221;][vc_column_text]<\/p>\n<h3 style=\"margin-bottom: 8px; text-align: center;\"><span style=\"color: #9e1f63;\">Bag<\/span><\/h3>\n<div class=\"sc_icons_description\" style=\"font-size: 1.143em; text-align: center;\">Model No:1<\/div>\n<p>[\/vc_column_text][vc_empty_space alter_height=&#8221;medium&#8221; hide_on_mobile=&#8221;&#8221;][\/vc_column][vc_column width=&#8221;1\/4&#8243;][vc_single_image image=&#8221;7643&#8243; img_size=&#8221;medium&#8221; alignment=&#8221;center&#8221; onclick=&#8221;img_link_large&#8221;][vc_column_text]<\/p>\n<h3 style=\"margin-bottom: 8px; text-align: center;\"><span style=\"color: #9e1f63;\">Bag<\/span><\/h3>\n<div class=\"sc_icons_description\" style=\"font-size: 1.143em; text-align: center;\">Model No:2<\/div>\n<p>[\/vc_column_text][vc_empty_space alter_height=&#8221;medium&#8221; hide_on_mobile=&#8221;&#8221;][\/vc_column][vc_column width=&#8221;1\/4&#8243;][vc_single_image image=&#8221;7644&#8243; img_size=&#8221;medium&#8221; alignment=&#8221;center&#8221; onclick=&#8221;img_link_large&#8221;][vc_column_text]<\/p>\n<h3 style=\"margin-bottom: 8px; text-align: center;\"><span style=\"color: #9e1f63;\">Bag<\/span><\/h3>\n<div class=\"sc_icons_description\" style=\"font-size: 1.143em; text-align: center;\">Model No:3<\/div>\n<p>[\/vc_column_text][vc_empty_space alter_height=&#8221;medium&#8221; hide_on_mobile=&#8221;&#8221;][\/vc_column][vc_column width=&#8221;1\/4&#8243;][vc_single_image image=&#8221;7642&#8243; img_size=&#8221;medium&#8221; alignment=&#8221;center&#8221; onclick=&#8221;img_link_large&#8221;][vc_column_text]<\/p>\n<h3 style=\"margin-bottom: 8px; text-align: center;\"><span style=\"color: #9e1f63;\">Bag<\/span><\/h3>\n<div class=\"sc_icons_description\" style=\"font-size: 1.143em; text-align: center;\">Model No:4<\/div>\n<p>[\/vc_column_text][vc_empty_space alter_height=&#8221;medium&#8221; hide_on_mobile=&#8221;&#8221;][\/vc_column][\/vc_row][vc_row][vc_column width=&#8221;1\/4&#8243;][vc_single_image image=&#8221;7618&#8243; img_size=&#8221;medium&#8221; alignment=&#8221;center&#8221; onclick=&#8221;img_link_large&#8221;][vc_column_text]<\/p>\n<h3 style=\"margin-bottom: 8px; text-align: center;\"><span style=\"color: #9e1f63;\">Notebook<\/span><\/h3>\n<div class=\"sc_icons_description\" style=\"font-size: 1.143em; text-align: center;\">Model No:1<\/div>\n<p>[\/vc_column_text][vc_empty_space alter_height=&#8221;medium&#8221; hide_on_mobile=&#8221;&#8221;][\/vc_column][vc_column width=&#8221;1\/4&#8243;][vc_single_image image=&#8221;7619&#8243; img_size=&#8221;medium&#8221; alignment=&#8221;center&#8221; onclick=&#8221;img_link_large&#8221;][vc_column_text]<\/p>\n<h3 style=\"margin-bottom: 8px; text-align: center;\"><span style=\"color: #9e1f63;\">Notebook<\/span><\/h3>\n<div class=\"sc_icons_description\" style=\"font-size: 1.143em; text-align: center;\">Model No:2<\/div>\n<p>[\/vc_column_text][vc_empty_space alter_height=&#8221;medium&#8221; hide_on_mobile=&#8221;&#8221;][\/vc_column][vc_column width=&#8221;1\/4&#8243;][vc_single_image image=&#8221;7620&#8243; img_size=&#8221;medium&#8221; alignment=&#8221;center&#8221; onclick=&#8221;img_link_large&#8221;][vc_column_text]<\/p>\n<h3 style=\"margin-bottom: 8px; text-align: center;\"><span style=\"color: #9e1f63;\">Notebook<\/span><\/h3>\n<div class=\"sc_icons_description\" style=\"font-size: 1.143em; text-align: center;\">Model No:3<\/div>\n<p>[\/vc_column_text][vc_empty_space alter_height=&#8221;medium&#8221; hide_on_mobile=&#8221;&#8221;][\/vc_column][vc_column width=&#8221;1\/4&#8243;][vc_single_image image=&#8221;7621&#8243; img_size=&#8221;medium&#8221; alignment=&#8221;center&#8221; onclick=&#8221;img_link_large&#8221;][vc_column_text]<\/p>\n<h3 style=\"margin-bottom: 8px; text-align: center;\"><span style=\"color: #9e1f63;\">Notebook<\/span><\/h3>\n<div class=\"sc_icons_description\" style=\"font-size: 1.143em; text-align: center;\">Model No:4<\/div>\n<p>[\/vc_column_text][vc_empty_space alter_height=&#8221;medium&#8221; hide_on_mobile=&#8221;&#8221;][\/vc_column][\/vc_row]<\/p>\n","protected":false},"excerpt":{"rendered":"<p>[vc_row][vc_column][\/vc_column][\/vc_row][vc_row css=&#8221;.vc_custom_1532947729294{padding-bottom: 50px !important;}&#8221;][vc_column][vc_empty_space alter_height=&#8221;medium&#8221; hide_on_mobile=&#8221;&#8221;][vc_tta_accordion c_align=&#8221;center&#8221; active_section=&#8221;&#8221; collapsible_all=&#8221;true&#8221;][vc_tta_section title=&#8221;Online Donate With Credit Card&#8221; tab_id=&#8221;1532947260096-9907d676-92a7&#8243;][vc_column_text] You can make an online donations (via credit card) using the Virgin Money-Giving page for COHERE Initiative. All donations without any cuts are transferred to the COHERE Initiative Fund at University of Oxford. [\/vc_column_text][vc_empty_space alter_height=&#8221;medium&#8221; hide_on_mobile=&#8221;&#8221;][\/vc_tta_section][vc_tta_section title=&#8221;Other Donation Methods&#8221; tab_id=&#8221;1532947260126-da7050a8-0b1d&#8221;][vc_column_text] You can contact with us&hellip;<\/p>\n","protected":false},"author":1,"featured_media":0,"parent":0,"menu_order":0,"comment_status":"closed","ping_status":"closed","template":"","meta":{"footnotes":""},"class_list":["post-1099","page","type-page","status-publish","hentry"],"translation":{"provider":"WPGlobus","version":"3.0.0","language":"en","enabled_languages":["tr","en"],"languages":{"tr":{"title":true,"content":true,"excerpt":false},"en":{"title":true,"content":true,"excerpt":false}}},"yoast_head":"<!-- This site is optimized with the Yoast SEO plugin v25.6 - https:\/\/yoast.com\/wordpress\/plugins\/seo\/ -->\n<title>Ba\u011f\u0131\u015f Yap &#8211; Cyprus Women&#039;s Health Research Initiative &#8211; KISAA \u0130nsiyatifi<\/title>\n<meta name=\"robots\" content=\"index, follow, max-snippet:-1, max-image-preview:large, max-video-preview:-1\" \/>\n<link rel=\"canonical\" href=\"https:\/\/kisaainisiyatifi.com\/bagis-yap\/\" \/>\n<meta property=\"og:locale\" content=\"en_US\" \/>\n<meta property=\"og:type\" content=\"article\" \/>\n<meta property=\"og:title\" content=\"Donate &#8211; Cyprus Women&#039;s Health Research Initiative\" \/>\n<meta property=\"og:url\" content=\"https:\/\/kisaainisiyatifi.com\/bagis-yap\/\" \/>\n<meta property=\"og:site_name\" content=\"Cyprus Women&#039;s Health Research Initiative\" \/>\n<meta property=\"article:publisher\" content=\"https:\/\/www.facebook.com\/KISAAInisiyatifi\/\" \/>\n<meta property=\"article:modified_time\" content=\"2018-12-17T14:57:51+00:00\" \/>\n<meta name=\"twitter:card\" content=\"summary_large_image\" \/>\n<meta name=\"twitter:site\" content=\"@KISAA_COHERE\" \/>\n<meta name=\"twitter:label1\" content=\"Est. reading time\" \/>\n\t<meta name=\"twitter:data1\" content=\"7 minutes\" \/>\n<script type=\"application\/ld+json\" class=\"yoast-schema-graph\">{\"@context\":\"https:\/\/schema.org\",\"@graph\":[{\"@type\":\"WebPage\",\"@id\":\"https:\/\/kisaainisiyatifi.com\/bagis-yap\/\",\"url\":\"https:\/\/kisaainisiyatifi.com\/bagis-yap\/\",\"name\":\"Ba\u011f\u0131\u015f Yap &#8211; Cyprus Women&#039;s Health Research Initiative &#8211; KISAA \u0130nsiyatifi\",\"isPartOf\":{\"@id\":\"https:\/\/kisaainisiyatifi.com\/#website\"},\"datePublished\":\"2018-07-30T10:54:15+00:00\",\"dateModified\":\"2018-12-17T14:57:51+00:00\",\"description\":\"KISAA \u0130nsiyatifi\u2019nin ilk projesinin amac\u0131 Kuzey K\u0131br\u0131s\u2019ta ya\u015fayan kad\u0131nlar\u0131n sa\u011fl\u0131k ve hastal\u0131k da\u011f\u0131l\u0131mlar\u0131n\u0131n ve g\u00f6r\u00fclme s\u0131kl\u0131klar\u0131n\u0131n belirlenmesidir.\",\"breadcrumb\":{\"@id\":\"https:\/\/kisaainisiyatifi.com\/bagis-yap\/#breadcrumb\"},\"inLanguage\":\"en-US\",\"potentialAction\":[{\"@type\":\"ReadAction\",\"target\":[\"https:\/\/kisaainisiyatifi.com\/bagis-yap\/\"]}]},{\"@type\":\"BreadcrumbList\",\"@id\":\"https:\/\/kisaainisiyatifi.com\/bagis-yap\/#breadcrumb\",\"itemListElement\":[{\"@type\":\"ListItem\",\"position\":1,\"name\":\"Ana sayfa\",\"item\":\"https:\/\/kisaainisiyatifi.com\/\"},{\"@type\":\"ListItem\",\"position\":2,\"name\":\"BA\u011eI\u015e YAP\"}]},{\"@type\":\"WebSite\",\"@id\":\"https:\/\/kisaainisiyatifi.com\/#website\",\"url\":\"https:\/\/kisaainisiyatifi.com\/\",\"name\":\"K\u0131br\u0131s Kad\u0131n Sa\u011fl\u0131\u011f\u0131 Ara\u015ft\u0131rma \u0130nsiyatifi\",\"description\":\"\",\"publisher\":{\"@id\":\"https:\/\/kisaainisiyatifi.com\/#organization\"},\"potentialAction\":[{\"@type\":\"SearchAction\",\"target\":{\"@type\":\"EntryPoint\",\"urlTemplate\":\"https:\/\/kisaainisiyatifi.com\/?s={search_term_string}\"},\"query-input\":{\"@type\":\"PropertyValueSpecification\",\"valueRequired\":true,\"valueName\":\"search_term_string\"}}],\"inLanguage\":\"en-US\"},{\"@type\":\"Organization\",\"@id\":\"https:\/\/kisaainisiyatifi.com\/#organization\",\"name\":\"K\u0131br\u0131s Kad\u0131n Sa\u011fl\u0131\u011f\u0131 Ara\u015ft\u0131rma \u0130nsiyatifi\",\"url\":\"https:\/\/kisaainisiyatifi.com\/\",\"logo\":{\"@type\":\"ImageObject\",\"inLanguage\":\"en-US\",\"@id\":\"https:\/\/kisaainisiyatifi.com\/#\/schema\/logo\/image\/\",\"url\":\"https:\/\/kisaainisiyatifi.com\/wp-content\/uploads\/2018\/07\/kisaa-logo-1.png\",\"contentUrl\":\"https:\/\/kisaainisiyatifi.com\/wp-content\/uploads\/2018\/07\/kisaa-logo-1.png\",\"width\":222,\"height\":72,\"caption\":\"K\u0131br\u0131s Kad\u0131n Sa\u011fl\u0131\u011f\u0131 Ara\u015ft\u0131rma \u0130nsiyatifi\"},\"image\":{\"@id\":\"https:\/\/kisaainisiyatifi.com\/#\/schema\/logo\/image\/\"},\"sameAs\":[\"https:\/\/www.facebook.com\/KISAAInisiyatifi\/\",\"https:\/\/x.com\/KISAA_COHERE\",\"https:\/\/www.instagram.com\/cohere_kisaa\/\",\"https:\/\/www.youtube.com\/channel\/UCmU4Gb9ZRj8970Okh1NsVKg\"]}]}<\/script>\n<!-- \/ Yoast SEO plugin. -->","yoast_head_json":{"title":"Ba\u011f\u0131\u015f Yap &#8211; Cyprus Women&#039;s Health Research Initiative &#8211; KISAA \u0130nsiyatifi","robots":{"index":"index","follow":"follow","max-snippet":"max-snippet:-1","max-image-preview":"max-image-preview:large","max-video-preview":"max-video-preview:-1"},"canonical":"https:\/\/kisaainisiyatifi.com\/bagis-yap\/","og_locale":"en_US","og_type":"article","og_title":"Donate &#8211; Cyprus Women&#039;s Health Research Initiative","og_url":"https:\/\/kisaainisiyatifi.com\/bagis-yap\/","og_site_name":"Cyprus Women&#039;s Health Research Initiative","article_publisher":"https:\/\/www.facebook.com\/KISAAInisiyatifi\/","article_modified_time":"2018-12-17T14:57:51+00:00","twitter_card":"summary_large_image","twitter_site":"@KISAA_COHERE","twitter_misc":{"Est. reading time":"7 minutes"},"schema":{"@context":"https:\/\/schema.org","@graph":[{"@type":"WebPage","@id":"https:\/\/kisaainisiyatifi.com\/bagis-yap\/","url":"https:\/\/kisaainisiyatifi.com\/bagis-yap\/","name":"Ba\u011f\u0131\u015f Yap &#8211; Cyprus Women&#039;s Health Research Initiative &#8211; KISAA \u0130nsiyatifi","isPartOf":{"@id":"https:\/\/kisaainisiyatifi.com\/#website"},"datePublished":"2018-07-30T10:54:15+00:00","dateModified":"2018-12-17T14:57:51+00:00","description":"KISAA \u0130nsiyatifi\u2019nin ilk projesinin amac\u0131 Kuzey K\u0131br\u0131s\u2019ta ya\u015fayan kad\u0131nlar\u0131n sa\u011fl\u0131k ve hastal\u0131k da\u011f\u0131l\u0131mlar\u0131n\u0131n ve g\u00f6r\u00fclme s\u0131kl\u0131klar\u0131n\u0131n belirlenmesidir.","breadcrumb":{"@id":"https:\/\/kisaainisiyatifi.com\/bagis-yap\/#breadcrumb"},"inLanguage":"en-US","potentialAction":[{"@type":"ReadAction","target":["https:\/\/kisaainisiyatifi.com\/bagis-yap\/"]}]},{"@type":"BreadcrumbList","@id":"https:\/\/kisaainisiyatifi.com\/bagis-yap\/#breadcrumb","itemListElement":[{"@type":"ListItem","position":1,"name":"Ana sayfa","item":"https:\/\/kisaainisiyatifi.com\/"},{"@type":"ListItem","position":2,"name":"BA\u011eI\u015e YAP"}]},{"@type":"WebSite","@id":"https:\/\/kisaainisiyatifi.com\/#website","url":"https:\/\/kisaainisiyatifi.com\/","name":"K\u0131br\u0131s Kad\u0131n Sa\u011fl\u0131\u011f\u0131 Ara\u015ft\u0131rma \u0130nsiyatifi","description":"","publisher":{"@id":"https:\/\/kisaainisiyatifi.com\/#organization"},"potentialAction":[{"@type":"SearchAction","target":{"@type":"EntryPoint","urlTemplate":"https:\/\/kisaainisiyatifi.com\/?s={search_term_string}"},"query-input":{"@type":"PropertyValueSpecification","valueRequired":true,"valueName":"search_term_string"}}],"inLanguage":"en-US"},{"@type":"Organization","@id":"https:\/\/kisaainisiyatifi.com\/#organization","name":"K\u0131br\u0131s Kad\u0131n Sa\u011fl\u0131\u011f\u0131 Ara\u015ft\u0131rma \u0130nsiyatifi","url":"https:\/\/kisaainisiyatifi.com\/","logo":{"@type":"ImageObject","inLanguage":"en-US","@id":"https:\/\/kisaainisiyatifi.com\/#\/schema\/logo\/image\/","url":"https:\/\/kisaainisiyatifi.com\/wp-content\/uploads\/2018\/07\/kisaa-logo-1.png","contentUrl":"https:\/\/kisaainisiyatifi.com\/wp-content\/uploads\/2018\/07\/kisaa-logo-1.png","width":222,"height":72,"caption":"K\u0131br\u0131s Kad\u0131n Sa\u011fl\u0131\u011f\u0131 Ara\u015ft\u0131rma \u0130nsiyatifi"},"image":{"@id":"https:\/\/kisaainisiyatifi.com\/#\/schema\/logo\/image\/"},"sameAs":["https:\/\/www.facebook.com\/KISAAInisiyatifi\/","https:\/\/x.com\/KISAA_COHERE","https:\/\/www.instagram.com\/cohere_kisaa\/","https:\/\/www.youtube.com\/channel\/UCmU4Gb9ZRj8970Okh1NsVKg"]}]}},"_links":{"self":[{"href":"https:\/\/kisaainisiyatifi.com\/en\/wp-json\/wp\/v2\/pages\/1099","targetHints":{"allow":["GET"]}}],"collection":[{"href":"https:\/\/kisaainisiyatifi.com\/en\/wp-json\/wp\/v2\/pages"}],"about":[{"href":"https:\/\/kisaainisiyatifi.com\/en\/wp-json\/wp\/v2\/types\/page"}],"author":[{"embeddable":true,"href":"https:\/\/kisaainisiyatifi.com\/en\/wp-json\/wp\/v2\/users\/1"}],"replies":[{"embeddable":true,"href":"https:\/\/kisaainisiyatifi.com\/en\/wp-json\/wp\/v2\/comments?post=1099"}],"version-history":[{"count":28,"href":"https:\/\/kisaainisiyatifi.com\/en\/wp-json\/wp\/v2\/pages\/1099\/revisions"}],"predecessor-version":[{"id":7904,"href":"https:\/\/kisaainisiyatifi.com\/en\/wp-json\/wp\/v2\/pages\/1099\/revisions\/7904"}],"wp:attachment":[{"href":"https:\/\/kisaainisiyatifi.com\/en\/wp-json\/wp\/v2\/media?parent=1099"}],"curies":[{"name":"wp","href":"https:\/\/api.w.org\/{rel}","templated":true}]}}