{"id":11,"date":"2016-07-13T11:06:23","date_gmt":"2016-07-13T08:06:23","guid":{"rendered":"http:\/\/localhost\/tr\/?page_id=11"},"modified":"2025-02-26T16:11:47","modified_gmt":"2025-02-26T13:11:47","slug":"proje","status":"publish","type":"page","link":"https:\/\/kisaainisiyatifi.com\/en\/proje\/","title":{"rendered":"ABOUT PROJECT"},"content":{"rendered":"<p>[vc_row content_placement=&#8221;middle&#8221;][vc_column]<div \tclass=\"sc_promo sc_promo_default sc_promo_size_small sc_promo_image_fit\"\n\t\t><div class=\"sc_promo_image\" style=\"background-image:url(https:\/\/kisaainisiyatifi.com\/wp-content\/uploads\/2018\/07\/volunteer_kisaa.jpg);width:50%;right: 0;\"><\/div><div class=\"sc_promo_text sc_float_center\" style=\"width: 50%;float: left;\">\n\t\t\t<div class=\"sc_promo_text_inner sc_align_left\" style=\"\"><div class=\"sc_promo_content sc_item_content\">[vc_column_text]<\/p>\n<h2 style=\"margin-top: 0.9em; text-align: left;\">cyprus women&#8217;s health research \u0131n\u0131t\u0131at\u0131ve<\/h2>\n<p>[\/vc_column_text][vc_separator color=&#8221;custom&#8221; accent_color=&#8221;#e4e4e4&#8243; css=&#8221;.vc_custom_1469185703282{margin-top: 2em !important;margin-bottom: 2.5em !important;}&#8221;][vc_column_text]<\/p>\n<p style=\"text-align: left;\">Cyprus is the third largest Mediterranean island with 300,000 Turkish Cypriot and 700,000 Greek Cypriot residents. Due to its political context, Northern Cyprus (home to Turkish Cypriots) has been relatively isolated from the rest of Europe for > 40 years. Consequently, there is a complete absence of population-level health data from this emerging region in Europe, and it is excluded from all health- statistics reported for Cyprus [1].\u00a0 COHERE Initiative is an on-going population-based, cross-sectional study targeting 10% of all women aged 18-55 (N=8000) living in Northern Cyprus. We aim to establish a women\u2019s health cohort to collect vital health and morbidity data, and investigate factors affecting women\u2019s health and care seeking patterns in the region.<\/p>\n<p><a href=\"#_ftnref1\" name=\"_ftn1\"><\/a>[\/vc_column_text][vc_column_text]<\/p>\n<p style=\"text-align: left;\">[<small>1] Rahmioglu N, Naci H, Cylus J. Improving health care services in Northern Cyprus: a call for research and action. European Journal of Public Health. 2012 Dec; 22(6):754-755.<\/small><\/p>\n<p>[\/vc_column_text][vc_column_text]<\/p>\n<h4 style=\"text-align: left;\">MAIN OBJECTIVES:<\/h4>\n<p>[\/vc_column_text][vc_empty_space height=&#8221;&#8221; hide_on_mobile=&#8221;&#8221;][vc_empty_space height=&#8221;10px&#8221; alter_height=&#8221;none&#8221; hide_on_mobile=&#8221;1&#8243;][vc_column_text]<\/p>\n<ul>\n<li>Understand distribution and prevalence rates of gynaecological conditions and associated symptomatology, and auto- immune, inflammatory, metabolic and pain comorbidity profiles.<\/li>\n<li>Investigate effect of reproductive and lifestyle factors on women\u2019s health.<\/li>\n<li>Map the geospatial distribution of identified conditions and investigate correlation with demographic and life-style factors.<\/li>\n<li>Investigate the genetic architecture of the population to understanding of disease-causing genetic risk factors in the region.<\/li>\n<\/ul>\n<p>[\/vc_column_text][vc_empty_space height=&#8221;7px&#8221; alter_height=&#8221;none&#8221; hide_on_mobile=&#8221;1&#8243;][vc_empty_space height=&#8221;&#8221; alter_height=&#8221;small&#8221; hide_on_mobile=&#8221;&#8221;]<div class=\"sc_item_button sc_button_wrap\"><a href=\"https:\/\/kisaainsiyatifi.com\/en\/sss\/\"\n\t \n\tclass=\"sc_button sc_button_default sc_button_size_normal sc_button_icon_left\"\n\t\t><span class=\"sc_button_text sc_align_center\"><span class=\"sc_button_title\">FREQUENTLY ASKED QUESTIONS<\/span><\/span><!-- \/.sc_button_text --><\/a><!-- \/.sc_button --><\/div><!-- \/.sc_item_button -->[vc_empty_space height=&#8221;&#8221; alter_height=&#8221;small&#8221; hide_on_mobile=&#8221;&#8221;]<\/div><\/div>\n\t\t<\/div><!-- \/.sc_promo_text --><\/div><!-- \/.sc_promo -->[\/vc_column][\/vc_row][vc_row content_placement=&#8221;middle&#8221;][vc_column][vc_empty_space height=&#8221;&#8221; alter_height=&#8221;huge&#8221; hide_on_mobile=&#8221;&#8221;]<div \tclass=\"sc_promo sc_promo_default sc_promo_size_small sc_promo_image_fit\"\n\t\t><div class=\"sc_promo_image\" style=\"background-image:url(https:\/\/kisaainisiyatifi.com\/wp-content\/uploads\/2018\/08\/kisaa-about.jpeg);width:50%;left: 0;\"><\/div><div class=\"sc_promo_text sc_float_center\" style=\"width: 50%;float: right;\">\n\t\t\t<div class=\"sc_promo_text_inner sc_align_left\" style=\"\"><div class=\"sc_promo_content sc_item_content\">[vc_empty_space height=&#8221;&#8221; alter_height=&#8221;small&#8221; hide_on_mobile=&#8221;&#8221;][vc_empty_space height=&#8221;7px&#8221; alter_height=&#8221;none&#8221; hide_on_mobile=&#8221;1&#8243;][vc_column_text]<\/p>\n<h2 style=\"margin-top: 0.9em;\">OUTCOMES<\/h2>\n<p>[\/vc_column_text][vc_separator color=&#8221;custom&#8221; accent_color=&#8221;#e4e4e4&#8243; css=&#8221;.vc_custom_1469185703282{margin-top: 2em !important;margin-bottom: 2.5em !important;}&#8221;][vc_column_text]COHERE Initiative will provide the first systematically collected population health data for Northern Cyprus &#8211; an emerging region in Europe for which public health issues have been unexplored to date &#8211; and will aid the understanding of regional women\u2019s health and illness patterns, and the personal, social\/economic burden of symptomatology and disease. Disease rates, clinical profiles, and healthcare statistics of women in this population will be used to assess the relative burden of disease, and results will form the basis for targeted hypothesis- driven local follow-up studies. Moreover, the Cypriot adaption of the \u2018Mediterranean lifestyle\u2019 allows for investigation of the influence of both environmental as well as genetic factors specific to Eastern- Mediterranean populations.[\/vc_column_text][vc_empty_space height=&#8221;7px&#8221; alter_height=&#8221;none&#8221; hide_on_mobile=&#8221;1&#8243;][vc_empty_space height=&#8221;&#8221; alter_height=&#8221;small&#8221; hide_on_mobile=&#8221;&#8221;]<\/div><\/div>\n\t\t<\/div><!-- \/.sc_promo_text --><\/div><!-- \/.sc_promo -->[vc_empty_space height=&#8221;&#8221; alter_height=&#8221;large&#8221; hide_on_mobile=&#8221;&#8221;][vc_empty_space height=&#8221;&#8221; alter_height=&#8221;large&#8221; hide_on_mobile=&#8221;&#8221;][vc_empty_space height=&#8221;16px&#8221; alter_height=&#8221;none&#8221; hide_on_mobile=&#8221;1&#8243;][\/vc_column][\/vc_row][vc_row content_placement=&#8221;middle&#8221;][vc_column]<div \tclass=\"sc_promo sc_promo_default sc_promo_size_small sc_promo_image_fit\"\n\t\t><div class=\"sc_promo_image\" style=\"background-image:url(https:\/\/kisaainisiyatifi.com\/wp-content\/uploads\/2018\/07\/volunteer.jpeg);width:50%;right: 0;\"><\/div><div class=\"sc_promo_text sc_float_center\" style=\"width: 50%;float: left;\">\n\t\t\t<div class=\"sc_promo_text_inner sc_align_left\" style=\"\"><div class=\"sc_promo_content sc_item_content\">[vc_empty_space height=&#8221;16px&#8221; alter_height=&#8221;small&#8221; hide_on_mobile=&#8221;&#8221;][vc_empty_space height=&#8221;7px&#8221; alter_height=&#8221;none&#8221; hide_on_mobile=&#8221;1&#8243;][vc_column_text]<\/p>\n<h2 style=\"margin-top: 0.9em;\">collaborat\u0131ons<\/h2>\n<p>[\/vc_column_text][vc_separator color=&#8221;custom&#8221; accent_color=&#8221;#e4e4e4&#8243; css=&#8221;.vc_custom_1469185703282{margin-top: 2em !important;margin-bottom: 2.5em !important;}&#8221;][vc_column_text]The study is led by University of Oxford in an academic collaboration with Eastern Mediterranean University for recruitment of participants, clinical data collection with Bahceci Cyprus IVF Hospital, Jinomer and Gunes Women\u2019s Health Clinic, and civil society organisation Cyprus Women\u2019s Health Research Society (CoHERS).<\/p>\n<p><a href=\"#_ftnref1\" name=\"_ftn1\"><\/a>[\/vc_column_text][vc_empty_space height=&#8221;7px&#8221; alter_height=&#8221;none&#8221; hide_on_mobile=&#8221;1&#8243;][vc_empty_space height=&#8221;&#8221; alter_height=&#8221;small&#8221; hide_on_mobile=&#8221;&#8221;]<div class=\"sc_item_button sc_button_wrap\"><a href=\"https:\/\/kisaainsiyatifi.com\/en\/sponsorlar\/\"\n\t \n\tclass=\"sc_button sc_button_default sc_button_size_normal sc_button_icon_left\"\n\t\t><span class=\"sc_button_text sc_align_center\"><span class=\"sc_button_title\">OUR SPONSORS<\/span><\/span><!-- \/.sc_button_text --><\/a><!-- \/.sc_button --><\/div><!-- \/.sc_item_button -->[vc_empty_space alter_height=&#8221;large&#8221; hide_on_mobile=&#8221;&#8221;][vc_empty_space alter_height=&#8221;large&#8221; hide_on_mobile=&#8221;&#8221;][vc_empty_space height=&#8221;16px&#8221; alter_height=&#8221;none&#8221; hide_on_mobile=&#8221;1&#8243;]<\/div><\/div>\n\t\t<\/div><!-- \/.sc_promo_text --><\/div><!-- \/.sc_promo -->[\/vc_column][\/vc_row][vc_row full_width=&#8221;stretch_row_content&#8221; css=&#8221;.vc_custom_1545205328007{padding-top: 75px !important;}&#8221;][vc_column][vc_single_image image=&#8221;7885&#8243; img_size=&#8221;full&#8221; alignment=&#8221;center&#8221; onclick=&#8221;img_link_large&#8221; img_link_target=&#8221;_blank&#8221;][vc_empty_space height=&#8221;&#8221; alter_height=&#8221;medium&#8221; hide_on_mobile=&#8221;&#8221;]<div class=\"sc_item_button sc_button_wrap sc_align_center\"><a href=\"https:\/\/anket.kisaainsiyatifi.com\/\"\n\t \n\tclass=\"sc_button sc_button_default sc_button_size_large sc_button_icon_left\"\n\t\t><span class=\"sc_button_text sc_align_center\"><span class=\"sc_button_title\">PARTICIPATE IN THE SURVEY<\/span><\/span><!-- \/.sc_button_text --><\/a><!-- \/.sc_button --><\/div><!-- \/.sc_item_button -->[vc_empty_space height=&#8221;&#8221; alter_height=&#8221;large&#8221; hide_on_mobile=&#8221;&#8221;][\/vc_column][\/vc_row]<\/p>\n","protected":false},"excerpt":{"rendered":"<p>[vc_row content_placement=&#8221;middle&#8221;][vc_column][\/vc_column][\/vc_row][vc_row content_placement=&#8221;middle&#8221;][vc_column][vc_empty_space height=&#8221;&#8221; alter_height=&#8221;huge&#8221; hide_on_mobile=&#8221;&#8221;][vc_empty_space height=&#8221;&#8221; alter_height=&#8221;large&#8221; hide_on_mobile=&#8221;&#8221;][vc_empty_space height=&#8221;&#8221; alter_height=&#8221;large&#8221; hide_on_mobile=&#8221;&#8221;][vc_empty_space height=&#8221;16px&#8221; alter_height=&#8221;none&#8221; hide_on_mobile=&#8221;1&#8243;][\/vc_column][\/vc_row][vc_row content_placement=&#8221;middle&#8221;][vc_column][\/vc_column][\/vc_row][vc_row full_width=&#8221;stretch_row_content&#8221; css=&#8221;.vc_custom_1545205328007{padding-top: 75px !important;}&#8221;][vc_column][vc_single_image image=&#8221;7885&#8243; img_size=&#8221;full&#8221; alignment=&#8221;center&#8221; onclick=&#8221;img_link_large&#8221; img_link_target=&#8221;_blank&#8221;][vc_empty_space height=&#8221;&#8221; alter_height=&#8221;medium&#8221; hide_on_mobile=&#8221;&#8221;][vc_empty_space height=&#8221;&#8221; alter_height=&#8221;large&#8221; hide_on_mobile=&#8221;&#8221;][\/vc_column][\/vc_row]<\/p>\n","protected":false},"author":1,"featured_media":0,"parent":0,"menu_order":0,"comment_status":"closed","ping_status":"closed","template":"","meta":{"footnotes":""},"class_list":["post-11","page","type-page","status-publish","hentry"],"translation":{"provider":"WPGlobus","version":"3.0.0","language":"en","enabled_languages":["tr","en"],"languages":{"tr":{"title":true,"content":true,"excerpt":false},"en":{"title":true,"content":true,"excerpt":false}}},"yoast_head":"<!-- This site is optimized with the Yoast SEO plugin v25.6 - https:\/\/yoast.com\/wordpress\/plugins\/seo\/ -->\n<title>About Project &#8211; Cyprus Women&#039;s Health Research Initiative<\/title>\n<meta name=\"description\" content=\"The aim of the COHERE Initiative is to determine the prevalence and incidence of health and disease distribution of women living in Northern Cyprus.\" \/>\n<meta name=\"robots\" content=\"index, follow, max-snippet:-1, max-image-preview:large, max-video-preview:-1\" \/>\n<link rel=\"canonical\" href=\"https:\/\/kisaainisiyatifi.com\/proje\/\" \/>\n<meta property=\"og:locale\" content=\"en_US\" \/>\n<meta property=\"og:type\" content=\"article\" \/>\n<meta property=\"og:title\" content=\"About Project &#8211; Cyprus Women&#039;s Health Research Initiative\" \/>\n<meta property=\"og:description\" content=\"The aim of the COHERE Initiative is to determine the prevalence and incidence of health and disease distribution of women living in Northern Cyprus.\" \/>\n<meta property=\"og:url\" content=\"https:\/\/kisaainisiyatifi.com\/proje\/\" \/>\n<meta property=\"og:site_name\" content=\"Cyprus Women&#039;s Health Research Initiative\" \/>\n<meta property=\"article:publisher\" content=\"https:\/\/www.facebook.com\/KISAAInisiyatifi\/\" \/>\n<meta property=\"article:modified_time\" content=\"2025-02-26T13:11:47+00:00\" \/>\n<meta name=\"twitter:card\" content=\"summary_large_image\" \/>\n<meta name=\"twitter:site\" content=\"@KISAA_COHERE\" \/>\n<meta name=\"twitter:label1\" content=\"Est. reading time\" \/>\n\t<meta name=\"twitter:data1\" content=\"4 minutes\" \/>\n<script type=\"application\/ld+json\" class=\"yoast-schema-graph\">{\"@context\":\"https:\/\/schema.org\",\"@graph\":[{\"@type\":\"WebPage\",\"@id\":\"https:\/\/kisaainisiyatifi.com\/proje\/\",\"url\":\"https:\/\/kisaainisiyatifi.com\/proje\/\",\"name\":\"Proje Hakk\u0131nda &#8211; Cyprus Women&#039;s Health Research Initiative &#8211; KISAA \u0130nsiyatifi\",\"isPartOf\":{\"@id\":\"https:\/\/kisaainisiyatifi.com\/#website\"},\"datePublished\":\"2016-07-13T08:06:23+00:00\",\"dateModified\":\"2025-02-26T13:11:47+00:00\",\"description\":\"KISAA \u0130nsiyatifi\u2019nin ilk projesinin amac\u0131 Kuzey K\u0131br\u0131s\u2019ta ya\u015fayan kad\u0131nlar\u0131n sa\u011fl\u0131k ve hastal\u0131k da\u011f\u0131l\u0131mlar\u0131n\u0131n ve g\u00f6r\u00fclme s\u0131kl\u0131klar\u0131n\u0131n belirlenmesidir.\",\"breadcrumb\":{\"@id\":\"https:\/\/kisaainisiyatifi.com\/proje\/#breadcrumb\"},\"inLanguage\":\"en-US\",\"potentialAction\":[{\"@type\":\"ReadAction\",\"target\":[\"https:\/\/kisaainisiyatifi.com\/proje\/\"]}]},{\"@type\":\"BreadcrumbList\",\"@id\":\"https:\/\/kisaainisiyatifi.com\/proje\/#breadcrumb\",\"itemListElement\":[{\"@type\":\"ListItem\",\"position\":1,\"name\":\"Ana sayfa\",\"item\":\"https:\/\/kisaainisiyatifi.com\/\"},{\"@type\":\"ListItem\",\"position\":2,\"name\":\"PROJE\"}]},{\"@type\":\"WebSite\",\"@id\":\"https:\/\/kisaainisiyatifi.com\/#website\",\"url\":\"https:\/\/kisaainisiyatifi.com\/\",\"name\":\"K\u0131br\u0131s Kad\u0131n Sa\u011fl\u0131\u011f\u0131 Ara\u015ft\u0131rma \u0130nsiyatifi\",\"description\":\"\",\"publisher\":{\"@id\":\"https:\/\/kisaainisiyatifi.com\/#organization\"},\"potentialAction\":[{\"@type\":\"SearchAction\",\"target\":{\"@type\":\"EntryPoint\",\"urlTemplate\":\"https:\/\/kisaainisiyatifi.com\/?s={search_term_string}\"},\"query-input\":{\"@type\":\"PropertyValueSpecification\",\"valueRequired\":true,\"valueName\":\"search_term_string\"}}],\"inLanguage\":\"en-US\"},{\"@type\":\"Organization\",\"@id\":\"https:\/\/kisaainisiyatifi.com\/#organization\",\"name\":\"K\u0131br\u0131s Kad\u0131n Sa\u011fl\u0131\u011f\u0131 Ara\u015ft\u0131rma \u0130nsiyatifi\",\"url\":\"https:\/\/kisaainisiyatifi.com\/\",\"logo\":{\"@type\":\"ImageObject\",\"inLanguage\":\"en-US\",\"@id\":\"https:\/\/kisaainisiyatifi.com\/#\/schema\/logo\/image\/\",\"url\":\"https:\/\/kisaainisiyatifi.com\/wp-content\/uploads\/2018\/07\/kisaa-logo-1.png\",\"contentUrl\":\"https:\/\/kisaainisiyatifi.com\/wp-content\/uploads\/2018\/07\/kisaa-logo-1.png\",\"width\":222,\"height\":72,\"caption\":\"K\u0131br\u0131s Kad\u0131n Sa\u011fl\u0131\u011f\u0131 Ara\u015ft\u0131rma \u0130nsiyatifi\"},\"image\":{\"@id\":\"https:\/\/kisaainisiyatifi.com\/#\/schema\/logo\/image\/\"},\"sameAs\":[\"https:\/\/www.facebook.com\/KISAAInisiyatifi\/\",\"https:\/\/x.com\/KISAA_COHERE\",\"https:\/\/www.instagram.com\/cohere_kisaa\/\",\"https:\/\/www.youtube.com\/channel\/UCmU4Gb9ZRj8970Okh1NsVKg\"]}]}<\/script>\n<!-- \/ Yoast SEO plugin. -->","yoast_head_json":{"title":"About Project &#8211; Cyprus Women&#039;s Health Research Initiative","description":"The aim of the COHERE Initiative is to determine the prevalence and incidence of health and disease distribution of women living in Northern Cyprus.","robots":{"index":"index","follow":"follow","max-snippet":"max-snippet:-1","max-image-preview":"max-image-preview:large","max-video-preview":"max-video-preview:-1"},"canonical":"https:\/\/kisaainisiyatifi.com\/proje\/","og_locale":"en_US","og_type":"article","og_title":"About Project &#8211; Cyprus Women&#039;s Health Research Initiative","og_description":"The aim of the COHERE Initiative is to determine the prevalence and incidence of health and disease distribution of women living in Northern Cyprus.","og_url":"https:\/\/kisaainisiyatifi.com\/proje\/","og_site_name":"Cyprus Women&#039;s Health Research Initiative","article_publisher":"https:\/\/www.facebook.com\/KISAAInisiyatifi\/","article_modified_time":"2025-02-26T13:11:47+00:00","twitter_card":"summary_large_image","twitter_site":"@KISAA_COHERE","twitter_misc":{"Est. reading time":"4 minutes"},"schema":{"@context":"https:\/\/schema.org","@graph":[{"@type":"WebPage","@id":"https:\/\/kisaainisiyatifi.com\/proje\/","url":"https:\/\/kisaainisiyatifi.com\/proje\/","name":"Proje Hakk\u0131nda &#8211; Cyprus Women&#039;s Health Research Initiative &#8211; KISAA \u0130nsiyatifi","isPartOf":{"@id":"https:\/\/kisaainisiyatifi.com\/#website"},"datePublished":"2016-07-13T08:06:23+00:00","dateModified":"2025-02-26T13:11:47+00:00","description":"KISAA \u0130nsiyatifi\u2019nin ilk projesinin amac\u0131 Kuzey K\u0131br\u0131s\u2019ta ya\u015fayan kad\u0131nlar\u0131n sa\u011fl\u0131k ve hastal\u0131k da\u011f\u0131l\u0131mlar\u0131n\u0131n ve g\u00f6r\u00fclme s\u0131kl\u0131klar\u0131n\u0131n belirlenmesidir.","breadcrumb":{"@id":"https:\/\/kisaainisiyatifi.com\/proje\/#breadcrumb"},"inLanguage":"en-US","potentialAction":[{"@type":"ReadAction","target":["https:\/\/kisaainisiyatifi.com\/proje\/"]}]},{"@type":"BreadcrumbList","@id":"https:\/\/kisaainisiyatifi.com\/proje\/#breadcrumb","itemListElement":[{"@type":"ListItem","position":1,"name":"Ana sayfa","item":"https:\/\/kisaainisiyatifi.com\/"},{"@type":"ListItem","position":2,"name":"PROJE"}]},{"@type":"WebSite","@id":"https:\/\/kisaainisiyatifi.com\/#website","url":"https:\/\/kisaainisiyatifi.com\/","name":"K\u0131br\u0131s Kad\u0131n Sa\u011fl\u0131\u011f\u0131 Ara\u015ft\u0131rma \u0130nsiyatifi","description":"","publisher":{"@id":"https:\/\/kisaainisiyatifi.com\/#organization"},"potentialAction":[{"@type":"SearchAction","target":{"@type":"EntryPoint","urlTemplate":"https:\/\/kisaainisiyatifi.com\/?s={search_term_string}"},"query-input":{"@type":"PropertyValueSpecification","valueRequired":true,"valueName":"search_term_string"}}],"inLanguage":"en-US"},{"@type":"Organization","@id":"https:\/\/kisaainisiyatifi.com\/#organization","name":"K\u0131br\u0131s Kad\u0131n Sa\u011fl\u0131\u011f\u0131 Ara\u015ft\u0131rma \u0130nsiyatifi","url":"https:\/\/kisaainisiyatifi.com\/","logo":{"@type":"ImageObject","inLanguage":"en-US","@id":"https:\/\/kisaainisiyatifi.com\/#\/schema\/logo\/image\/","url":"https:\/\/kisaainisiyatifi.com\/wp-content\/uploads\/2018\/07\/kisaa-logo-1.png","contentUrl":"https:\/\/kisaainisiyatifi.com\/wp-content\/uploads\/2018\/07\/kisaa-logo-1.png","width":222,"height":72,"caption":"K\u0131br\u0131s Kad\u0131n Sa\u011fl\u0131\u011f\u0131 Ara\u015ft\u0131rma \u0130nsiyatifi"},"image":{"@id":"https:\/\/kisaainisiyatifi.com\/#\/schema\/logo\/image\/"},"sameAs":["https:\/\/www.facebook.com\/KISAAInisiyatifi\/","https:\/\/x.com\/KISAA_COHERE","https:\/\/www.instagram.com\/cohere_kisaa\/","https:\/\/www.youtube.com\/channel\/UCmU4Gb9ZRj8970Okh1NsVKg"]}]}},"_links":{"self":[{"href":"https:\/\/kisaainisiyatifi.com\/en\/wp-json\/wp\/v2\/pages\/11","targetHints":{"allow":["GET"]}}],"collection":[{"href":"https:\/\/kisaainisiyatifi.com\/en\/wp-json\/wp\/v2\/pages"}],"about":[{"href":"https:\/\/kisaainisiyatifi.com\/en\/wp-json\/wp\/v2\/types\/page"}],"author":[{"embeddable":true,"href":"https:\/\/kisaainisiyatifi.com\/en\/wp-json\/wp\/v2\/users\/1"}],"replies":[{"embeddable":true,"href":"https:\/\/kisaainisiyatifi.com\/en\/wp-json\/wp\/v2\/comments?post=11"}],"version-history":[{"count":25,"href":"https:\/\/kisaainisiyatifi.com\/en\/wp-json\/wp\/v2\/pages\/11\/revisions"}],"predecessor-version":[{"id":7883,"href":"https:\/\/kisaainisiyatifi.com\/en\/wp-json\/wp\/v2\/pages\/11\/revisions\/7883"}],"wp:attachment":[{"href":"https:\/\/kisaainisiyatifi.com\/en\/wp-json\/wp\/v2\/media?parent=11"}],"curies":[{"name":"wp","href":"https:\/\/api.w.org\/{rel}","templated":true}]}}