{"id":1218,"date":"2018-07-31T14:32:35","date_gmt":"2018-07-31T11:32:35","guid":{"rendered":"http:\/\/localhost\/tr\/?page_id=1218"},"modified":"2018-12-19T10:01:03","modified_gmt":"2018-12-19T07:01:03","slug":"sss","status":"publish","type":"page","link":"https:\/\/kisaainisiyatifi.com\/en\/sss\/","title":{"rendered":"FAQ"},"content":{"rendered":"<p>[vc_row full_width=&#8221;stretch_row_content_no_spaces&#8221; css=&#8221;.vc_custom_1533036299888{padding-top: 30px !important;padding-bottom: 30px !important;}&#8221;][vc_column]<div id=\"sc_content_850349138\"\n\t\tclass=\"scheme_light sc_content sc_content_default\n\t\t\t sc_no_subtitle\t\t\t sc_float_center\t\t\t sc_align_center\t\t\t\t\t\t\t\t\t\t\t\t\"\n\t\t><h2 class=\"sc_item_title sc_content_title\">FREQUENTLY ASKED QUESTIONS<\/h2><div class=\"sc_content_container\"><\/div><\/div><!-- \/.sc_content -->[\/vc_column][\/vc_row][vc_row full_width=&#8221;stretch_row_content_no_spaces&#8221; css=&#8221;.vc_custom_1533036310453{padding-right: 50px !important;padding-left: 50px !important;}&#8221;][vc_column][vc_tta_accordion][vc_tta_section title=&#8221;What is the study about?&#8221; tab_id=&#8221;1533036142686-3b3ced9b-fa5d&#8221;][vc_empty_space height=&#8221;10px&#8221; hide_on_mobile=&#8221;&#8221;][vc_column_text]Disease can occur more commonly or rarely in different populations. This can be due to multiple reasons such as inherited (genetic) factors that are passed on to us from our parents as well as various environmental exposures or life style factors. In Northern Cyprus, we do not know the rates of women\u2019s health conditions therefore; we cannot define the most burdensome and common health problems of women living in this community. In this study, we aim to determine the frequency and the distribution of women\u2019s health conditions and related symptomatology, such as pelvic pain, to define the health profiles of women living in Northern Cyprus. Moreover, we aim to investigate how various life-style factors and inherited factors (genetics) affect women\u2019s health in the population. In addition, we will quantify women\u2019s access to health care and estimate economic burden of women\u2019s health conditions in Northern Cyprus.[\/vc_column_text][\/vc_tta_section][vc_tta_section title=&#8221;What are the criterias to take part in the study?&#8221; tab_id=&#8221;1533036257098-3e8f360a-1efe&#8221;][vc_empty_space height=&#8221;10px&#8221; hide_on_mobile=&#8221;&#8221;][vc_column_text]Women between the ages of 18 and 55 and citizens of Northern Cyprus or residents of Northern Cyprus for more than five years can take part in the study.[\/vc_column_text][\/vc_tta_section][vc_tta_section title=&#8221;Are there any risks in taking part?&#8221; tab_id=&#8221;1533036256445-49a4ed27-26e0&#8243;][vc_empty_space height=&#8221;10px&#8221; hide_on_mobile=&#8221;&#8221;][vc_column_text]You will be asked to recall medical problems, which may cause some discomfort. There are no medical risks in taking part in the study. The pelvic ultrasound scan is risk-free and it is a daily routine conducted in the gynaecological clinics. All the research data will be stored anonymously and therefore, there is no risk for a confidentiality bridge.[\/vc_column_text][\/vc_tta_section][vc_tta_section title=&#8221;What will happen to my data\/samples?&#8221; tab_id=&#8221;1533036256107-62e0aacf-565e&#8221;][vc_empty_space height=&#8221;10px&#8221; hide_on_mobile=&#8221;&#8221;][vc_column_text]The questionnaire data, the physical body measurements and ultrasound scan results will be stored in a secure cloud-based server space and transfer to high-compliance server space at University of Oxford. The paper-records will be stored in locked secure cabinets in Eastern Mediterranean University (EMU) until the end of the data collection phase, then transferred to Oxford University, and stored there in locked secure cabinets until the end of the study. The saliva samples will be shipped to the University of Oxford and used to extract genetic data that will be used in defining the ancestral background of this population and investigation of inherited factors for disease.[\/vc_column_text][\/vc_tta_section][vc_tta_section title=&#8221;Has the study been reviewed by an ethics committee?&#8221; tab_id=&#8221;1533036255634-2091437a-a53f&#8221;][vc_empty_space height=&#8221;10px&#8221; hide_on_mobile=&#8221;&#8221;][vc_column_text]This research has been reviewed and given favourable opinion by the OxTREC Research Ethics Committee (37-17), Eastern Mediterranean Ethics Committee (ETK00-2017-0240) and Dr. Burhan Nalbantoglu Hospital Ethics Committee (EK008\/18).[\/vc_column_text][\/vc_tta_section][vc_tta_section title=&#8221;Whom can I contact if I have any questions or want to raise a concern?&#8221; tab_id=&#8221;1533036585426-b5e0be92-afd0&#8243;][vc_empty_space height=&#8221;10px&#8221; hide_on_mobile=&#8221;&#8221;][vc_column_text]You can reach the study principal investigator Dr. Nilufer Rahmioglu via phone at 0548 860 1483 or 0542 888 5020 or email <u><a href=\"mailto:cohere.kisaa@gmail.com\">cohere.kisaa@gmail.com<\/a><\/u> or <u><a href=\"mailto:nilufer@well.ox.ac.uk\">nilufer@well.ox.ac.uk<\/a><\/u>.[\/vc_column_text][\/vc_tta_section][\/vc_tta_accordion][\/vc_column][\/vc_row][vc_row][vc_column][\/vc_column][\/vc_row]<\/p>\n","protected":false},"excerpt":{"rendered":"<p>[vc_row full_width=&#8221;stretch_row_content_no_spaces&#8221; css=&#8221;.vc_custom_1533036299888{padding-top: 30px !important;padding-bottom: 30px !important;}&#8221;][vc_column][\/vc_column][\/vc_row][vc_row full_width=&#8221;stretch_row_content_no_spaces&#8221; css=&#8221;.vc_custom_1533036310453{padding-right: 50px !important;padding-left: 50px !important;}&#8221;][vc_column][vc_tta_accordion][vc_tta_section title=&#8221;What is the study about?&#8221; tab_id=&#8221;1533036142686-3b3ced9b-fa5d&#8221;][vc_empty_space height=&#8221;10px&#8221; hide_on_mobile=&#8221;&#8221;][vc_column_text]Disease can occur more commonly or rarely in different populations. This can be due to multiple reasons such as inherited (genetic) factors that are passed on to us from our parents as well as various environmental exposures or life style&hellip;<\/p>\n","protected":false},"author":1,"featured_media":0,"parent":0,"menu_order":0,"comment_status":"closed","ping_status":"closed","template":"","meta":{"footnotes":""},"class_list":["post-1218","page","type-page","status-publish","hentry"],"translation":{"provider":"WPGlobus","version":"3.0.0","language":"en","enabled_languages":["tr","en"],"languages":{"tr":{"title":true,"content":true,"excerpt":false},"en":{"title":true,"content":true,"excerpt":false}}},"yoast_head":"<!-- This site is optimized with the Yoast SEO plugin v25.6 - https:\/\/yoast.com\/wordpress\/plugins\/seo\/ -->\n<title>S\u0131k\u00e7a Sorulan Sorular &#8211; Cyprus Women&#039;s Health Research Initiative<\/title>\n<meta name=\"robots\" content=\"index, follow, max-snippet:-1, max-image-preview:large, max-video-preview:-1\" \/>\n<link rel=\"canonical\" href=\"https:\/\/kisaainisiyatifi.com\/sss\/\" \/>\n<meta property=\"og:locale\" content=\"en_US\" \/>\n<meta property=\"og:type\" content=\"article\" \/>\n<meta property=\"og:title\" content=\"FAQ &#8211; Cyprus Women&#039;s Health Research Initiative\" \/>\n<meta property=\"og:url\" content=\"https:\/\/kisaainisiyatifi.com\/sss\/\" \/>\n<meta property=\"og:site_name\" content=\"Cyprus Women&#039;s Health Research Initiative\" \/>\n<meta property=\"article:publisher\" content=\"https:\/\/www.facebook.com\/KISAAInisiyatifi\/\" \/>\n<meta property=\"article:modified_time\" content=\"2018-12-19T07:01:03+00:00\" \/>\n<meta name=\"twitter:card\" content=\"summary_large_image\" \/>\n<meta name=\"twitter:site\" content=\"@KISAA_COHERE\" \/>\n<meta name=\"twitter:label1\" content=\"Est. reading time\" \/>\n\t<meta name=\"twitter:data1\" content=\"7 minutes\" \/>\n<script type=\"application\/ld+json\" class=\"yoast-schema-graph\">{\"@context\":\"https:\/\/schema.org\",\"@graph\":[{\"@type\":\"WebPage\",\"@id\":\"https:\/\/kisaainisiyatifi.com\/sss\/\",\"url\":\"https:\/\/kisaainisiyatifi.com\/sss\/\",\"name\":\"S\u0131k\u00e7a Sorulan Sorular &#8211; Cyprus Women&#039;s Health Research Initiative\",\"isPartOf\":{\"@id\":\"https:\/\/kisaainisiyatifi.com\/#website\"},\"datePublished\":\"2018-07-31T11:32:35+00:00\",\"dateModified\":\"2018-12-19T07:01:03+00:00\",\"description\":\"The aim of the COHERE Initiative is to determine the prevalence and incidence of health and disease distribution of women living in Northern Cyprus.\",\"breadcrumb\":{\"@id\":\"https:\/\/kisaainisiyatifi.com\/sss\/#breadcrumb\"},\"inLanguage\":\"en-US\",\"potentialAction\":[{\"@type\":\"ReadAction\",\"target\":[\"https:\/\/kisaainisiyatifi.com\/sss\/\"]}]},{\"@type\":\"BreadcrumbList\",\"@id\":\"https:\/\/kisaainisiyatifi.com\/sss\/#breadcrumb\",\"itemListElement\":[{\"@type\":\"ListItem\",\"position\":1,\"name\":\"Ana sayfa\",\"item\":\"https:\/\/kisaainisiyatifi.com\/\"},{\"@type\":\"ListItem\",\"position\":2,\"name\":\"SSS\"}]},{\"@type\":\"WebSite\",\"@id\":\"https:\/\/kisaainisiyatifi.com\/#website\",\"url\":\"https:\/\/kisaainisiyatifi.com\/\",\"name\":\"K\u0131br\u0131s Kad\u0131n Sa\u011fl\u0131\u011f\u0131 Ara\u015ft\u0131rma \u0130nsiyatifi\",\"description\":\"\",\"publisher\":{\"@id\":\"https:\/\/kisaainisiyatifi.com\/#organization\"},\"potentialAction\":[{\"@type\":\"SearchAction\",\"target\":{\"@type\":\"EntryPoint\",\"urlTemplate\":\"https:\/\/kisaainisiyatifi.com\/?s={search_term_string}\"},\"query-input\":{\"@type\":\"PropertyValueSpecification\",\"valueRequired\":true,\"valueName\":\"search_term_string\"}}],\"inLanguage\":\"en-US\"},{\"@type\":\"Organization\",\"@id\":\"https:\/\/kisaainisiyatifi.com\/#organization\",\"name\":\"K\u0131br\u0131s Kad\u0131n Sa\u011fl\u0131\u011f\u0131 Ara\u015ft\u0131rma \u0130nsiyatifi\",\"url\":\"https:\/\/kisaainisiyatifi.com\/\",\"logo\":{\"@type\":\"ImageObject\",\"inLanguage\":\"en-US\",\"@id\":\"https:\/\/kisaainisiyatifi.com\/#\/schema\/logo\/image\/\",\"url\":\"https:\/\/kisaainisiyatifi.com\/wp-content\/uploads\/2018\/07\/kisaa-logo-1.png\",\"contentUrl\":\"https:\/\/kisaainisiyatifi.com\/wp-content\/uploads\/2018\/07\/kisaa-logo-1.png\",\"width\":222,\"height\":72,\"caption\":\"K\u0131br\u0131s Kad\u0131n Sa\u011fl\u0131\u011f\u0131 Ara\u015ft\u0131rma \u0130nsiyatifi\"},\"image\":{\"@id\":\"https:\/\/kisaainisiyatifi.com\/#\/schema\/logo\/image\/\"},\"sameAs\":[\"https:\/\/www.facebook.com\/KISAAInisiyatifi\/\",\"https:\/\/x.com\/KISAA_COHERE\",\"https:\/\/www.instagram.com\/cohere_kisaa\/\",\"https:\/\/www.youtube.com\/channel\/UCmU4Gb9ZRj8970Okh1NsVKg\"]}]}<\/script>\n<!-- \/ Yoast SEO plugin. -->","yoast_head_json":{"title":"S\u0131k\u00e7a Sorulan Sorular &#8211; Cyprus Women&#039;s Health Research Initiative","robots":{"index":"index","follow":"follow","max-snippet":"max-snippet:-1","max-image-preview":"max-image-preview:large","max-video-preview":"max-video-preview:-1"},"canonical":"https:\/\/kisaainisiyatifi.com\/sss\/","og_locale":"en_US","og_type":"article","og_title":"FAQ &#8211; Cyprus Women&#039;s Health Research Initiative","og_url":"https:\/\/kisaainisiyatifi.com\/sss\/","og_site_name":"Cyprus Women&#039;s Health Research Initiative","article_publisher":"https:\/\/www.facebook.com\/KISAAInisiyatifi\/","article_modified_time":"2018-12-19T07:01:03+00:00","twitter_card":"summary_large_image","twitter_site":"@KISAA_COHERE","twitter_misc":{"Est. reading time":"7 minutes"},"schema":{"@context":"https:\/\/schema.org","@graph":[{"@type":"WebPage","@id":"https:\/\/kisaainisiyatifi.com\/sss\/","url":"https:\/\/kisaainisiyatifi.com\/sss\/","name":"S\u0131k\u00e7a Sorulan Sorular &#8211; Cyprus Women&#039;s Health Research Initiative","isPartOf":{"@id":"https:\/\/kisaainisiyatifi.com\/#website"},"datePublished":"2018-07-31T11:32:35+00:00","dateModified":"2018-12-19T07:01:03+00:00","description":"The aim of the COHERE Initiative is to determine the prevalence and incidence of health and disease distribution of women living in Northern Cyprus.","breadcrumb":{"@id":"https:\/\/kisaainisiyatifi.com\/sss\/#breadcrumb"},"inLanguage":"en-US","potentialAction":[{"@type":"ReadAction","target":["https:\/\/kisaainisiyatifi.com\/sss\/"]}]},{"@type":"BreadcrumbList","@id":"https:\/\/kisaainisiyatifi.com\/sss\/#breadcrumb","itemListElement":[{"@type":"ListItem","position":1,"name":"Ana sayfa","item":"https:\/\/kisaainisiyatifi.com\/"},{"@type":"ListItem","position":2,"name":"SSS"}]},{"@type":"WebSite","@id":"https:\/\/kisaainisiyatifi.com\/#website","url":"https:\/\/kisaainisiyatifi.com\/","name":"K\u0131br\u0131s Kad\u0131n Sa\u011fl\u0131\u011f\u0131 Ara\u015ft\u0131rma \u0130nsiyatifi","description":"","publisher":{"@id":"https:\/\/kisaainisiyatifi.com\/#organization"},"potentialAction":[{"@type":"SearchAction","target":{"@type":"EntryPoint","urlTemplate":"https:\/\/kisaainisiyatifi.com\/?s={search_term_string}"},"query-input":{"@type":"PropertyValueSpecification","valueRequired":true,"valueName":"search_term_string"}}],"inLanguage":"en-US"},{"@type":"Organization","@id":"https:\/\/kisaainisiyatifi.com\/#organization","name":"K\u0131br\u0131s Kad\u0131n Sa\u011fl\u0131\u011f\u0131 Ara\u015ft\u0131rma \u0130nsiyatifi","url":"https:\/\/kisaainisiyatifi.com\/","logo":{"@type":"ImageObject","inLanguage":"en-US","@id":"https:\/\/kisaainisiyatifi.com\/#\/schema\/logo\/image\/","url":"https:\/\/kisaainisiyatifi.com\/wp-content\/uploads\/2018\/07\/kisaa-logo-1.png","contentUrl":"https:\/\/kisaainisiyatifi.com\/wp-content\/uploads\/2018\/07\/kisaa-logo-1.png","width":222,"height":72,"caption":"K\u0131br\u0131s Kad\u0131n Sa\u011fl\u0131\u011f\u0131 Ara\u015ft\u0131rma \u0130nsiyatifi"},"image":{"@id":"https:\/\/kisaainisiyatifi.com\/#\/schema\/logo\/image\/"},"sameAs":["https:\/\/www.facebook.com\/KISAAInisiyatifi\/","https:\/\/x.com\/KISAA_COHERE","https:\/\/www.instagram.com\/cohere_kisaa\/","https:\/\/www.youtube.com\/channel\/UCmU4Gb9ZRj8970Okh1NsVKg"]}]}},"_links":{"self":[{"href":"https:\/\/kisaainisiyatifi.com\/en\/wp-json\/wp\/v2\/pages\/1218","targetHints":{"allow":["GET"]}}],"collection":[{"href":"https:\/\/kisaainisiyatifi.com\/en\/wp-json\/wp\/v2\/pages"}],"about":[{"href":"https:\/\/kisaainisiyatifi.com\/en\/wp-json\/wp\/v2\/types\/page"}],"author":[{"embeddable":true,"href":"https:\/\/kisaainisiyatifi.com\/en\/wp-json\/wp\/v2\/users\/1"}],"replies":[{"embeddable":true,"href":"https:\/\/kisaainisiyatifi.com\/en\/wp-json\/wp\/v2\/comments?post=1218"}],"version-history":[{"count":14,"href":"https:\/\/kisaainisiyatifi.com\/en\/wp-json\/wp\/v2\/pages\/1218\/revisions"}],"predecessor-version":[{"id":7955,"href":"https:\/\/kisaainisiyatifi.com\/en\/wp-json\/wp\/v2\/pages\/1218\/revisions\/7955"}],"wp:attachment":[{"href":"https:\/\/kisaainisiyatifi.com\/en\/wp-json\/wp\/v2\/media?parent=1218"}],"curies":[{"name":"wp","href":"https:\/\/api.w.org\/{rel}","templated":true}]}}