{"id":890,"date":"2018-07-12T10:43:00","date_gmt":"2018-07-12T07:43:00","guid":{"rendered":"http:\/\/localhost\/tr\/?page_id=890"},"modified":"2025-03-27T14:40:01","modified_gmt":"2025-03-27T11:40:01","slug":"akademik-yayinlar","status":"publish","type":"page","link":"https:\/\/kisaainisiyatifi.com\/en\/akademik-yayinlar\/","title":{"rendered":"Academic Publications"},"content":{"rendered":"<p>[vc_row][vc_column width=&#8221;1\/3&#8243;]<div  \n\tclass=\"sc_icons sc_icons_modern sc_icons_size_large sc_align_center\"\n\t\t><div class=\"sc_icons_item sc_icons_item_linked\"><div class=\"sc_icons_image\"><img loading=\"lazy\" decoding=\"async\" src=\"https:\/\/kisaainisiyatifi.com\/wp-content\/uploads\/2022\/02\/quality-of-life-research.jpeg\" alt=\"\" width=\"110\" height=\"156\"><\/div><h4 class=\"sc_icons_title\"><span>The Cyprus Women&#039;s Health Research (COHERE) initiative: normative data from the SF-36v2 questionnaire for reproductive aged women from the Eastern Mediterranean<\/span><\/h4><div class=\"sc_icons_description\"><span>Quality of Life Research Journal, 14 February 2022, https:\/\/doi.org\/10.1007\/s11136-022-03100-7<\/span><\/div><a href=\"https:\/\/doi.org\/10.1007\/s11136-022-03100-7\" class=\"sc_icons_link\"><\/a><\/div><\/div><!-- \/.sc_icons -->[\/vc_column][vc_column width=&#8221;1\/3&#8243;]<div  \n\tclass=\"sc_icons sc_icons_modern sc_icons_size_large sc_align_center\"\n\t\t><div class=\"sc_icons_item sc_icons_item_linked\"><div class=\"sc_icons_image\"><img loading=\"lazy\" decoding=\"async\" src=\"https:\/\/kisaainisiyatifi.com\/wp-content\/uploads\/2022\/02\/2-BMC-womens-health.jpeg\" alt=\"\" width=\"110\" height=\"156\"><\/div><h4 class=\"sc_icons_title\"><span>Protocol paper: Cyprus Women&#039;s Health Research (COHERE) initiative: determining the relative burden of women&#039;s health conditions and related co-morbidities in an Eastern Mediterranean population<\/span><\/h4><div class=\"sc_icons_description\"><span>BMC Women\u2019s Health, Volume 19 Issue 50, 3 April 2019, https:\/\/doi.org\/10.1186\/s12905-019-0750-1<\/span><\/div><a href=\"https:\/\/doi.org\/10.1186\/s12905-019-0750-1\" class=\"sc_icons_link\"><\/a><\/div><\/div><!-- \/.sc_icons -->[\/vc_column][vc_column width=&#8221;1\/3&#8243;]<div  \n\tclass=\"sc_icons sc_icons_default sc_icons_size_large sc_align_center\"\n\t\t><div class=\"sc_icons_item sc_icons_item_linked\"><div class=\"sc_icons_image\"><img loading=\"lazy\" decoding=\"async\" src=\"https:\/\/kisaainisiyatifi.com\/wp-content\/uploads\/2018\/08\/journaleuropean-370x260.png\" alt=\"\" width=\"370\" height=\"260\"><\/div><h4 class=\"sc_icons_title\"><span>Improving health care services in Northern Cyprus: a call for research and action<\/span><\/h4><div class=\"sc_icons_description\"><span>European Journal of Public Health, Volume 22, Issue 6, 1 December 2012, Pages 754\u2013755<\/span><\/div><a href=\"https:\/\/academic.oup.com\/eurpub\/article\/22\/6\/754\/547936\" class=\"sc_icons_link\"><\/a><\/div><\/div><!-- \/.sc_icons -->[\/vc_column][\/vc_row][vc_row][vc_column][vc_empty_space hide_on_mobile=&#8221;&#8221;][\/vc_column][\/vc_row][vc_row][vc_column width=&#8221;1\/3&#8243;]<div  \n\tclass=\"sc_icons sc_icons_modern sc_icons_size_large sc_align_center\"\n\t\t><div class=\"sc_icons_item sc_icons_item_linked\"><div class=\"sc_icons_image\"><img loading=\"lazy\" decoding=\"async\" src=\"https:\/\/kisaainisiyatifi.com\/wp-content\/uploads\/2025\/03\/akademik-yayin-e1743075006432.jpeg\" alt=\"\" width=\"121\" height=\"156\"><\/div><h4 class=\"sc_icons_title\"><span>Prevalence, diagnostic delay and economic burden of endometriosis and its impact on quality of life: results from an Eastern Mediterranean population<\/span><\/h4><div class=\"sc_icons_description\"><span>Swift B, Taneri B, Becker CM, Basarir H, Naci H, Missmer SA, Zondervan KT, Rahmioglu N. Prevalence, diagnostic delay and economic burden of endometriosis and its impact on quality of life: results from an Eastern Mediterranean population. Eur J Public Health. 2023 Dec<\/span><span>9:ckad216. doi: 10.1093\/eurpub\/ckad216.<\/span><\/div><a href=\"https:\/\/pmc.ncbi.nlm.nih.gov\/articles\/PMC10990517\/\" class=\"sc_icons_link\"><\/a><\/div><\/div><!-- \/.sc_icons -->[\/vc_column][vc_column width=&#8221;1\/3&#8243;]<div  \n\tclass=\"sc_icons sc_icons_modern sc_icons_size_large sc_align_center\"\n\t\t><div class=\"sc_icons_item sc_icons_item_linked\"><div class=\"sc_icons_image\"><img loading=\"lazy\" decoding=\"async\" src=\"https:\/\/kisaainisiyatifi.com\/wp-content\/uploads\/2025\/03\/cohere-logo-1-1.png\" alt=\"\" width=\"98\" height=\"156\"><\/div><h4 class=\"sc_icons_title\"><span> Predictors and trends of Caesarean section and breastfeeding in the Eastern Mediterranean region: data from the cross-sectional Cyprus Women\u2019s Health Research (COHERE) Initiative.<\/span><\/h4><div class=\"sc_icons_description\"><span>Swift B, Taneri B, Cagnan I, Becker CM, Zondervan KT, Quigley MA, Rahmioglu N. Predictors and trends of Caesarean section and breastfeeding in the Eastern Mediterranean region: data from the cross-sectional Cyprus Women\u2019s Health Research (COHERE) Initiative. PlosOne. 2023 Jul 7;18(7):e0287469. doi:10.1371\/journal.pone.0287469.<\/span><\/div><a href=\"https:\/\/journals.plos.org\/plosone\/article?id=10.1371\/journal.pone.0287469\" class=\"sc_icons_link\"><\/a><\/div><\/div><!-- \/.sc_icons -->[\/vc_column][vc_column width=&#8221;1\/3&#8243;][\/vc_column][\/vc_row]<\/p>\n","protected":false},"excerpt":{"rendered":"<p>[vc_row][vc_column width=&#8221;1\/3&#8243;][\/vc_column][vc_column width=&#8221;1\/3&#8243;][\/vc_column][vc_column width=&#8221;1\/3&#8243;][\/vc_column][\/vc_row][vc_row][vc_column][vc_empty_space hide_on_mobile=&#8221;&#8221;][\/vc_column][\/vc_row][vc_row][vc_column width=&#8221;1\/3&#8243;][\/vc_column][vc_column width=&#8221;1\/3&#8243;][\/vc_column][vc_column width=&#8221;1\/3&#8243;][\/vc_column][\/vc_row]<\/p>\n","protected":false},"author":1,"featured_media":0,"parent":0,"menu_order":0,"comment_status":"closed","ping_status":"closed","template":"","meta":{"footnotes":""},"class_list":["post-890","page","type-page","status-publish","hentry"],"translation":{"provider":"WPGlobus","version":"3.0.0","language":"en","enabled_languages":["tr","en"],"languages":{"tr":{"title":true,"content":true,"excerpt":false},"en":{"title":true,"content":true,"excerpt":false}}},"yoast_head":"<!-- This site is optimized with the Yoast SEO plugin v25.6 - https:\/\/yoast.com\/wordpress\/plugins\/seo\/ -->\n<title>Academic Publications &#8211; Cyprus Women&#039;s Health Research Initiative<\/title>\n<meta name=\"robots\" content=\"index, follow, max-snippet:-1, max-image-preview:large, max-video-preview:-1\" \/>\n<link rel=\"canonical\" href=\"https:\/\/kisaainisiyatifi.com\/akademik-yayinlar\/\" \/>\n<meta property=\"og:locale\" content=\"en_US\" \/>\n<meta property=\"og:type\" content=\"article\" \/>\n<meta property=\"og:title\" content=\"Academic Publications &#8211; Cyprus Women&#039;s Health Research Initiative\" \/>\n<meta property=\"og:url\" content=\"https:\/\/kisaainisiyatifi.com\/akademik-yayinlar\/\" \/>\n<meta property=\"og:site_name\" content=\"Cyprus Women&#039;s Health Research Initiative\" \/>\n<meta property=\"article:publisher\" content=\"https:\/\/www.facebook.com\/KISAAInisiyatifi\/\" \/>\n<meta property=\"article:modified_time\" content=\"2025-03-27T11:40:01+00:00\" \/>\n<meta name=\"twitter:card\" content=\"summary_large_image\" \/>\n<meta name=\"twitter:site\" content=\"@KISAA_COHERE\" \/>\n<meta name=\"twitter:label1\" content=\"Est. reading time\" \/>\n\t<meta name=\"twitter:data1\" content=\"1 minute\" \/>\n<script type=\"application\/ld+json\" class=\"yoast-schema-graph\">{\"@context\":\"https:\/\/schema.org\",\"@graph\":[{\"@type\":\"WebPage\",\"@id\":\"https:\/\/kisaainisiyatifi.com\/akademik-yayinlar\/\",\"url\":\"https:\/\/kisaainisiyatifi.com\/akademik-yayinlar\/\",\"name\":\"Academic Publications &#8211; Cyprus Women&#039;s Health Research Initiative\",\"isPartOf\":{\"@id\":\"https:\/\/kisaainisiyatifi.com\/#website\"},\"datePublished\":\"2018-07-12T07:43:00+00:00\",\"dateModified\":\"2025-03-27T11:40:01+00:00\",\"breadcrumb\":{\"@id\":\"https:\/\/kisaainisiyatifi.com\/akademik-yayinlar\/#breadcrumb\"},\"inLanguage\":\"en-US\",\"potentialAction\":[{\"@type\":\"ReadAction\",\"target\":[\"https:\/\/kisaainisiyatifi.com\/akademik-yayinlar\/\"]}]},{\"@type\":\"BreadcrumbList\",\"@id\":\"https:\/\/kisaainisiyatifi.com\/akademik-yayinlar\/#breadcrumb\",\"itemListElement\":[{\"@type\":\"ListItem\",\"position\":1,\"name\":\"Ana sayfa\",\"item\":\"https:\/\/kisaainisiyatifi.com\/\"},{\"@type\":\"ListItem\",\"position\":2,\"name\":\"AKADEM\u0130K YAYINLAR\"}]},{\"@type\":\"WebSite\",\"@id\":\"https:\/\/kisaainisiyatifi.com\/#website\",\"url\":\"https:\/\/kisaainisiyatifi.com\/\",\"name\":\"K\u0131br\u0131s Kad\u0131n Sa\u011fl\u0131\u011f\u0131 Ara\u015ft\u0131rma \u0130nsiyatifi\",\"description\":\"\",\"publisher\":{\"@id\":\"https:\/\/kisaainisiyatifi.com\/#organization\"},\"potentialAction\":[{\"@type\":\"SearchAction\",\"target\":{\"@type\":\"EntryPoint\",\"urlTemplate\":\"https:\/\/kisaainisiyatifi.com\/?s={search_term_string}\"},\"query-input\":{\"@type\":\"PropertyValueSpecification\",\"valueRequired\":true,\"valueName\":\"search_term_string\"}}],\"inLanguage\":\"en-US\"},{\"@type\":\"Organization\",\"@id\":\"https:\/\/kisaainisiyatifi.com\/#organization\",\"name\":\"K\u0131br\u0131s Kad\u0131n Sa\u011fl\u0131\u011f\u0131 Ara\u015ft\u0131rma \u0130nsiyatifi\",\"url\":\"https:\/\/kisaainisiyatifi.com\/\",\"logo\":{\"@type\":\"ImageObject\",\"inLanguage\":\"en-US\",\"@id\":\"https:\/\/kisaainisiyatifi.com\/#\/schema\/logo\/image\/\",\"url\":\"https:\/\/kisaainisiyatifi.com\/wp-content\/uploads\/2018\/07\/kisaa-logo-1.png\",\"contentUrl\":\"https:\/\/kisaainisiyatifi.com\/wp-content\/uploads\/2018\/07\/kisaa-logo-1.png\",\"width\":222,\"height\":72,\"caption\":\"K\u0131br\u0131s Kad\u0131n Sa\u011fl\u0131\u011f\u0131 Ara\u015ft\u0131rma \u0130nsiyatifi\"},\"image\":{\"@id\":\"https:\/\/kisaainisiyatifi.com\/#\/schema\/logo\/image\/\"},\"sameAs\":[\"https:\/\/www.facebook.com\/KISAAInisiyatifi\/\",\"https:\/\/x.com\/KISAA_COHERE\",\"https:\/\/www.instagram.com\/cohere_kisaa\/\",\"https:\/\/www.youtube.com\/channel\/UCmU4Gb9ZRj8970Okh1NsVKg\"]}]}<\/script>\n<!-- \/ Yoast SEO plugin. -->","yoast_head_json":{"title":"Academic Publications &#8211; Cyprus Women&#039;s Health Research Initiative","robots":{"index":"index","follow":"follow","max-snippet":"max-snippet:-1","max-image-preview":"max-image-preview:large","max-video-preview":"max-video-preview:-1"},"canonical":"https:\/\/kisaainisiyatifi.com\/akademik-yayinlar\/","og_locale":"en_US","og_type":"article","og_title":"Academic Publications &#8211; Cyprus Women&#039;s Health Research Initiative","og_url":"https:\/\/kisaainisiyatifi.com\/akademik-yayinlar\/","og_site_name":"Cyprus Women&#039;s Health Research Initiative","article_publisher":"https:\/\/www.facebook.com\/KISAAInisiyatifi\/","article_modified_time":"2025-03-27T11:40:01+00:00","twitter_card":"summary_large_image","twitter_site":"@KISAA_COHERE","twitter_misc":{"Est. reading time":"1 minute"},"schema":{"@context":"https:\/\/schema.org","@graph":[{"@type":"WebPage","@id":"https:\/\/kisaainisiyatifi.com\/akademik-yayinlar\/","url":"https:\/\/kisaainisiyatifi.com\/akademik-yayinlar\/","name":"Academic Publications &#8211; Cyprus Women&#039;s Health Research Initiative","isPartOf":{"@id":"https:\/\/kisaainisiyatifi.com\/#website"},"datePublished":"2018-07-12T07:43:00+00:00","dateModified":"2025-03-27T11:40:01+00:00","breadcrumb":{"@id":"https:\/\/kisaainisiyatifi.com\/akademik-yayinlar\/#breadcrumb"},"inLanguage":"en-US","potentialAction":[{"@type":"ReadAction","target":["https:\/\/kisaainisiyatifi.com\/akademik-yayinlar\/"]}]},{"@type":"BreadcrumbList","@id":"https:\/\/kisaainisiyatifi.com\/akademik-yayinlar\/#breadcrumb","itemListElement":[{"@type":"ListItem","position":1,"name":"Ana sayfa","item":"https:\/\/kisaainisiyatifi.com\/"},{"@type":"ListItem","position":2,"name":"AKADEM\u0130K YAYINLAR"}]},{"@type":"WebSite","@id":"https:\/\/kisaainisiyatifi.com\/#website","url":"https:\/\/kisaainisiyatifi.com\/","name":"K\u0131br\u0131s Kad\u0131n Sa\u011fl\u0131\u011f\u0131 Ara\u015ft\u0131rma \u0130nsiyatifi","description":"","publisher":{"@id":"https:\/\/kisaainisiyatifi.com\/#organization"},"potentialAction":[{"@type":"SearchAction","target":{"@type":"EntryPoint","urlTemplate":"https:\/\/kisaainisiyatifi.com\/?s={search_term_string}"},"query-input":{"@type":"PropertyValueSpecification","valueRequired":true,"valueName":"search_term_string"}}],"inLanguage":"en-US"},{"@type":"Organization","@id":"https:\/\/kisaainisiyatifi.com\/#organization","name":"K\u0131br\u0131s Kad\u0131n Sa\u011fl\u0131\u011f\u0131 Ara\u015ft\u0131rma \u0130nsiyatifi","url":"https:\/\/kisaainisiyatifi.com\/","logo":{"@type":"ImageObject","inLanguage":"en-US","@id":"https:\/\/kisaainisiyatifi.com\/#\/schema\/logo\/image\/","url":"https:\/\/kisaainisiyatifi.com\/wp-content\/uploads\/2018\/07\/kisaa-logo-1.png","contentUrl":"https:\/\/kisaainisiyatifi.com\/wp-content\/uploads\/2018\/07\/kisaa-logo-1.png","width":222,"height":72,"caption":"K\u0131br\u0131s Kad\u0131n Sa\u011fl\u0131\u011f\u0131 Ara\u015ft\u0131rma \u0130nsiyatifi"},"image":{"@id":"https:\/\/kisaainisiyatifi.com\/#\/schema\/logo\/image\/"},"sameAs":["https:\/\/www.facebook.com\/KISAAInisiyatifi\/","https:\/\/x.com\/KISAA_COHERE","https:\/\/www.instagram.com\/cohere_kisaa\/","https:\/\/www.youtube.com\/channel\/UCmU4Gb9ZRj8970Okh1NsVKg"]}]}},"_links":{"self":[{"href":"https:\/\/kisaainisiyatifi.com\/en\/wp-json\/wp\/v2\/pages\/890","targetHints":{"allow":["GET"]}}],"collection":[{"href":"https:\/\/kisaainisiyatifi.com\/en\/wp-json\/wp\/v2\/pages"}],"about":[{"href":"https:\/\/kisaainisiyatifi.com\/en\/wp-json\/wp\/v2\/types\/page"}],"author":[{"embeddable":true,"href":"https:\/\/kisaainisiyatifi.com\/en\/wp-json\/wp\/v2\/users\/1"}],"replies":[{"embeddable":true,"href":"https:\/\/kisaainisiyatifi.com\/en\/wp-json\/wp\/v2\/comments?post=890"}],"version-history":[{"count":19,"href":"https:\/\/kisaainisiyatifi.com\/en\/wp-json\/wp\/v2\/pages\/890\/revisions"}],"predecessor-version":[{"id":8115,"href":"https:\/\/kisaainisiyatifi.com\/en\/wp-json\/wp\/v2\/pages\/890\/revisions\/8115"}],"wp:attachment":[{"href":"https:\/\/kisaainisiyatifi.com\/en\/wp-json\/wp\/v2\/media?parent=890"}],"curies":[{"name":"wp","href":"https:\/\/api.w.org\/{rel}","templated":true}]}}